{"id":1111,"date":"2023-11-29T23:00:32","date_gmt":"2023-11-29T21:00:32","guid":{"rendered":"https:\/\/itameriprojekti.fi\/apply-for-funding\/"},"modified":"2025-12-17T14:19:02","modified_gmt":"2025-12-17T12:19:02","slug":"apply-for-funding","status":"publish","type":"page","link":"https:\/\/itameriprojekti.fi\/en\/apply-for-funding\/","title":{"rendered":"Apply for funding"},"content":{"rendered":"<div class=\"wpb-content-wrapper\"><p>[vc_row unlock_row_content=&#8221;yes&#8221; row_height_percent=&#8221;0&#8243; override_padding=&#8221;yes&#8221; h_padding=&#8221;2&#8243; top_padding=&#8221;5&#8243; bottom_padding=&#8221;5&#8243; overlay_alpha=&#8221;50&#8243; gutter_size=&#8221;3&#8243; column_width_percent=&#8221;100&#8243; shift_y=&#8221;0&#8243; z_index=&#8221;0&#8243; uncode_shortcode_id=&#8221;198587&#8243;][vc_column column_width_percent=&#8221;100&#8243; align_horizontal=&#8221;align_center&#8221; gutter_size=&#8221;3&#8243; style=&#8221;dark&#8221; overlay_alpha=&#8221;50&#8243; shift_x=&#8221;0&#8243; shift_y=&#8221;0&#8243; shift_y_down=&#8221;0&#8243; z_index=&#8221;0&#8243; medium_width=&#8221;0&#8243; mobile_width=&#8221;0&#8243; parallax_intensity=&#8221;3&#8243; parallax_centered=&#8221;yes&#8221; width=&#8221;1\/1&#8243; uncode_shortcode_id=&#8221;821059&#8243;][vc_custom_heading text_size=&#8221;fontsize-726551&#8243; text_height=&#8221;fontheight-136400&#8243; uncode_shortcode_id=&#8221;133670&#8243;]Fundings up to[\/vc_custom_heading][vc_custom_heading heading_semantic=&#8221;h3&#8243; text_size=&#8221;fontsize-154139&#8243; text_height=&#8221;fontheight-136400&#8243; uncode_shortcode_id=&#8221;289434&#8243;]600 000 \u20ac[\/vc_custom_heading][vc_button button_color=&#8221;color-124513&#8243; size=&#8221;btn-lg&#8221; border_width=&#8221;0&#8243; link=&#8221;url:%23fundingcategories|title:Funding%20Categories|&#8221; button_color_type=&#8221;uncode-palette&#8221; uncode_shortcode_id=&#8221;785883&#8243;]The competition categories for the year 2026[\/vc_button][vc_button button_color=&#8221;color-124513&#8243; size=&#8221;btn-lg&#8221; border_width=&#8221;0&#8243; link=&#8221;url:https%3A%2F%2Fitameriprojekti.fi%2Fen%2Fapply-for-funding%2Ffunding-application%2F|title:Apply%20for%20funding|&#8221; button_color_type=&#8221;uncode-palette&#8221; uncode_shortcode_id=&#8221;265741&#8243;]Apply for funding[\/vc_button][\/vc_column][\/vc_row][vc_row row_height_percent=&#8221;0&#8243; override_padding=&#8221;yes&#8221; h_padding=&#8221;2&#8243; top_padding=&#8221;3&#8243; bottom_padding=&#8221;3&#8243; overlay_alpha=&#8221;50&#8243; gutter_size=&#8221;3&#8243; column_width_percent=&#8221;100&#8243; shift_y=&#8221;0&#8243; z_index=&#8221;0&#8243; uncode_shortcode_id=&#8221;111978&#8243;][vc_column column_width_use_pixel=&#8221;yes&#8221; align_horizontal=&#8221;align_center&#8221; gutter_size=&#8221;4&#8243; style=&#8221;dark&#8221; back_color=&#8221;color-162330&#8243; overlay_alpha=&#8221;50&#8243; shadow=&#8221;std&#8221; shift_x=&#8221;0&#8243; shift_y=&#8221;0&#8243; shift_y_down=&#8221;0&#8243; z_index=&#8221;0&#8243; medium_width=&#8221;0&#8243; mobile_width=&#8221;0&#8243; parallax_intensity=&#8221;3&#8243; width=&#8221;1\/1&#8243; uncode_shortcode_id=&#8221;463157&#8243; column_width_pixel=&#8221;1300&#8243; el_class=&#8221;textShadow&#8221; back_color_type=&#8221;uncode-palette&#8221;][vc_custom_heading text_height=&#8221;fontheight-136400&#8243; uncode_shortcode_id=&#8221;209337&#8243;]Here is how The Baltic Sea Project funds Baltic Sea protection[\/vc_custom_heading][vc_column_text uncode_shortcode_id=&#8221;695304&#8243;]Funding is distributed across three different categories, and it is open for application by individuals, businesses, foundations, as well as research projects aiming for concrete results. The applicant does not need to be an established player in the field. The most important aspect is the idea aimed at achieving impactful results for improving the Baltic Sea&#8217;s condition.<\/p>\n<p>After the application period has closed, the jury decides which projects are financed and the size of the funding.[\/vc_column_text][\/vc_column][\/vc_row][vc_row row_height_percent=&#8221;0&#8243; override_padding=&#8221;yes&#8221; h_padding=&#8221;2&#8243; top_padding=&#8221;3&#8243; bottom_padding=&#8221;3&#8243; overlay_alpha=&#8221;50&#8243; gutter_size=&#8221;3&#8243; column_width_percent=&#8221;100&#8243; shift_y=&#8221;0&#8243; z_index=&#8221;0&#8243; uncode_shortcode_id=&#8221;144184&#8243; row_name=&#8221;Kilpailukategoriat&#8221;][vc_column column_width_percent=&#8221;100&#8243; align_horizontal=&#8221;align_center&#8221; gutter_size=&#8221;1&#8243; style=&#8221;dark&#8221; overlay_alpha=&#8221;50&#8243; shift_x=&#8221;0&#8243; shift_y=&#8221;0&#8243; shift_y_down=&#8221;0&#8243; z_index=&#8221;0&#8243; medium_width=&#8221;0&#8243; mobile_width=&#8221;0&#8243; parallax_intensity=&#8221;3&#8243; width=&#8221;1\/1&#8243; uncode_shortcode_id=&#8221;192178&#8243;][vc_custom_heading uncode_shortcode_id=&#8221;620553&#8243; el_class=&#8221;textShadow&#8221;]Funding Categories[\/vc_custom_heading][vc_empty_space empty_h=&#8221;4&#8243;][\/vc_column][\/vc_row][vc_row][vc_column width=&#8221;1\/1&#8243;][uncode_block id=&#8221;1560&#8243;][\/vc_column][\/vc_row][vc_row][vc_column width=&#8221;1\/1&#8243;][uncode_block id=&#8221;673&#8243;][\/vc_column][\/vc_row]<\/p>\n<\/div>","protected":false},"excerpt":{"rendered":"<p>[vc_row unlock_row_content=&#8221;yes&#8221; row_height_percent=&#8221;0&#8243; override_padding=&#8221;yes&#8221; h_padding=&#8221;2&#8243; top_padding=&#8221;5&#8243; bottom_padding=&#8221;5&#8243; overlay_alpha=&#8221;50&#8243; gutter_size=&#8221;3&#8243; column_width_percent=&#8221;100&#8243; shift_y=&#8221;0&#8243; z_index=&#8221;0&#8243; uncode_shortcode_id=&#8221;198587&#8243;][vc_column column_width_percent=&#8221;100&#8243; align_horizontal=&#8221;align_center&#8221; gutter_size=&#8221;3&#8243; style=&#8221;dark&#8221; overlay_alpha=&#8221;50&#8243; shift_x=&#8221;0&#8243; shift_y=&#8221;0&#8243; [&hellip;]<\/p>\n","protected":false},"author":2,"featured_media":820,"parent":0,"menu_order":0,"comment_status":"closed","ping_status":"closed","template":"","meta":{"footnotes":""},"class_list":["post-1111","page","type-page","status-publish","has-post-thumbnail","hentry"],"yoast_head":"<!-- This site is optimized with the Yoast SEO plugin v27.0 - https:\/\/yoast.com\/product\/yoast-seo-wordpress\/ -->\n<title>Apply for funding - Baltic Sea Project<\/title>\n<meta name=\"robots\" content=\"index, follow, max-snippet:-1, max-image-preview:large, max-video-preview:-1\" \/>\n<link rel=\"canonical\" href=\"https:\/\/itameriprojekti.fi\/en\/apply-for-funding\/\" \/>\n<meta property=\"og:locale\" content=\"en_US\" \/>\n<meta property=\"og:type\" content=\"article\" \/>\n<meta property=\"og:title\" content=\"Apply for funding - Baltic Sea Project\" \/>\n<meta property=\"og:description\" content=\"[vc_row unlock_row_content=&#8221;yes&#8221; row_height_percent=&#8221;0&#8243; override_padding=&#8221;yes&#8221; h_padding=&#8221;2&#8243; top_padding=&#8221;5&#8243; bottom_padding=&#8221;5&#8243; overlay_alpha=&#8221;50&#8243; gutter_size=&#8221;3&#8243; column_width_percent=&#8221;100&#8243; shift_y=&#8221;0&#8243; z_index=&#8221;0&#8243; uncode_shortcode_id=&#8221;198587&#8243;][vc_column column_width_percent=&#8221;100&#8243; align_horizontal=&#8221;align_center&#8221; gutter_size=&#8221;3&#8243; style=&#8221;dark&#8221; overlay_alpha=&#8221;50&#8243; shift_x=&#8221;0&#8243; shift_y=&#8221;0&#8243; [&hellip;]\" \/>\n<meta property=\"og:url\" content=\"https:\/\/itameriprojekti.fi\/en\/apply-for-funding\/\" \/>\n<meta property=\"og:site_name\" content=\"Baltic Sea Project\" \/>\n<meta property=\"article:modified_time\" content=\"2025-12-17T12:19:02+00:00\" \/>\n<meta property=\"og:image\" content=\"https:\/\/itameriprojekti.fi\/wp-content\/uploads\/2020\/06\/rahoitushaku-1024x576-1.jpg\" \/>\n\t<meta property=\"og:image:width\" content=\"1024\" \/>\n\t<meta property=\"og:image:height\" content=\"576\" \/>\n\t<meta property=\"og:image:type\" content=\"image\/jpeg\" \/>\n<meta name=\"twitter:card\" content=\"summary_large_image\" \/>\n<meta name=\"twitter:label1\" content=\"Est. reading time\" \/>\n\t<meta name=\"twitter:data1\" content=\"2 minutes\" \/>\n<script type=\"application\/ld+json\" class=\"yoast-schema-graph\">{\"@context\":\"https:\/\/schema.org\",\"@graph\":[{\"@type\":\"WebPage\",\"@id\":\"https:\/\/itameriprojekti.fi\/en\/apply-for-funding\/\",\"url\":\"https:\/\/itameriprojekti.fi\/en\/apply-for-funding\/\",\"name\":\"Apply for funding - Baltic Sea Project\",\"isPartOf\":{\"@id\":\"https:\/\/itameriprojekti.fi\/en\/#website\"},\"primaryImageOfPage\":{\"@id\":\"https:\/\/itameriprojekti.fi\/en\/apply-for-funding\/#primaryimage\"},\"image\":{\"@id\":\"https:\/\/itameriprojekti.fi\/en\/apply-for-funding\/#primaryimage\"},\"thumbnailUrl\":\"https:\/\/itameriprojekti.fi\/wp-content\/uploads\/2020\/06\/rahoitushaku-1024x576-1.jpg\",\"datePublished\":\"2023-11-29T21:00:32+00:00\",\"dateModified\":\"2025-12-17T12:19:02+00:00\",\"breadcrumb\":{\"@id\":\"https:\/\/itameriprojekti.fi\/en\/apply-for-funding\/#breadcrumb\"},\"inLanguage\":\"en-US\",\"potentialAction\":[{\"@type\":\"ReadAction\",\"target\":[\"https:\/\/itameriprojekti.fi\/en\/apply-for-funding\/\"]}]},{\"@type\":\"ImageObject\",\"inLanguage\":\"en-US\",\"@id\":\"https:\/\/itameriprojekti.fi\/en\/apply-for-funding\/#primaryimage\",\"url\":\"https:\/\/itameriprojekti.fi\/wp-content\/uploads\/2020\/06\/rahoitushaku-1024x576-1.jpg\",\"contentUrl\":\"https:\/\/itameriprojekti.fi\/wp-content\/uploads\/2020\/06\/rahoitushaku-1024x576-1.jpg\",\"width\":1024,\"height\":576},{\"@type\":\"BreadcrumbList\",\"@id\":\"https:\/\/itameriprojekti.fi\/en\/apply-for-funding\/#breadcrumb\",\"itemListElement\":[{\"@type\":\"ListItem\",\"position\":1,\"name\":\"Home\",\"item\":\"https:\/\/itameriprojekti.fi\/en\/\"},{\"@type\":\"ListItem\",\"position\":2,\"name\":\"Apply for funding\"}]},{\"@type\":\"WebSite\",\"@id\":\"https:\/\/itameriprojekti.fi\/en\/#website\",\"url\":\"https:\/\/itameriprojekti.fi\/en\/\",\"name\":\"Baltic Sea Project\",\"description\":\"\u00c5landsbankenin It\u00e4meriprojekti parantaa It\u00e4meren tilaa\",\"potentialAction\":[{\"@type\":\"SearchAction\",\"target\":{\"@type\":\"EntryPoint\",\"urlTemplate\":\"https:\/\/itameriprojekti.fi\/en\/?s={search_term_string}\"},\"query-input\":{\"@type\":\"PropertyValueSpecification\",\"valueRequired\":true,\"valueName\":\"search_term_string\"}}],\"inLanguage\":\"en-US\"}]}<\/script>\n<!-- \/ Yoast SEO plugin. -->","yoast_head_json":{"title":"Apply for funding - Baltic Sea Project","robots":{"index":"index","follow":"follow","max-snippet":"max-snippet:-1","max-image-preview":"max-image-preview:large","max-video-preview":"max-video-preview:-1"},"canonical":"https:\/\/itameriprojekti.fi\/en\/apply-for-funding\/","og_locale":"en_US","og_type":"article","og_title":"Apply for funding - Baltic Sea Project","og_description":"[vc_row unlock_row_content=&#8221;yes&#8221; row_height_percent=&#8221;0&#8243; override_padding=&#8221;yes&#8221; h_padding=&#8221;2&#8243; top_padding=&#8221;5&#8243; bottom_padding=&#8221;5&#8243; overlay_alpha=&#8221;50&#8243; gutter_size=&#8221;3&#8243; column_width_percent=&#8221;100&#8243; shift_y=&#8221;0&#8243; z_index=&#8221;0&#8243; uncode_shortcode_id=&#8221;198587&#8243;][vc_column column_width_percent=&#8221;100&#8243; align_horizontal=&#8221;align_center&#8221; gutter_size=&#8221;3&#8243; style=&#8221;dark&#8221; overlay_alpha=&#8221;50&#8243; shift_x=&#8221;0&#8243; shift_y=&#8221;0&#8243; [&hellip;]","og_url":"https:\/\/itameriprojekti.fi\/en\/apply-for-funding\/","og_site_name":"Baltic Sea Project","article_modified_time":"2025-12-17T12:19:02+00:00","og_image":[{"width":1024,"height":576,"url":"https:\/\/itameriprojekti.fi\/wp-content\/uploads\/2020\/06\/rahoitushaku-1024x576-1.jpg","type":"image\/jpeg"}],"twitter_card":"summary_large_image","twitter_misc":{"Est. reading time":"2 minutes"},"schema":{"@context":"https:\/\/schema.org","@graph":[{"@type":"WebPage","@id":"https:\/\/itameriprojekti.fi\/en\/apply-for-funding\/","url":"https:\/\/itameriprojekti.fi\/en\/apply-for-funding\/","name":"Apply for funding - Baltic Sea Project","isPartOf":{"@id":"https:\/\/itameriprojekti.fi\/en\/#website"},"primaryImageOfPage":{"@id":"https:\/\/itameriprojekti.fi\/en\/apply-for-funding\/#primaryimage"},"image":{"@id":"https:\/\/itameriprojekti.fi\/en\/apply-for-funding\/#primaryimage"},"thumbnailUrl":"https:\/\/itameriprojekti.fi\/wp-content\/uploads\/2020\/06\/rahoitushaku-1024x576-1.jpg","datePublished":"2023-11-29T21:00:32+00:00","dateModified":"2025-12-17T12:19:02+00:00","breadcrumb":{"@id":"https:\/\/itameriprojekti.fi\/en\/apply-for-funding\/#breadcrumb"},"inLanguage":"en-US","potentialAction":[{"@type":"ReadAction","target":["https:\/\/itameriprojekti.fi\/en\/apply-for-funding\/"]}]},{"@type":"ImageObject","inLanguage":"en-US","@id":"https:\/\/itameriprojekti.fi\/en\/apply-for-funding\/#primaryimage","url":"https:\/\/itameriprojekti.fi\/wp-content\/uploads\/2020\/06\/rahoitushaku-1024x576-1.jpg","contentUrl":"https:\/\/itameriprojekti.fi\/wp-content\/uploads\/2020\/06\/rahoitushaku-1024x576-1.jpg","width":1024,"height":576},{"@type":"BreadcrumbList","@id":"https:\/\/itameriprojekti.fi\/en\/apply-for-funding\/#breadcrumb","itemListElement":[{"@type":"ListItem","position":1,"name":"Home","item":"https:\/\/itameriprojekti.fi\/en\/"},{"@type":"ListItem","position":2,"name":"Apply for funding"}]},{"@type":"WebSite","@id":"https:\/\/itameriprojekti.fi\/en\/#website","url":"https:\/\/itameriprojekti.fi\/en\/","name":"Baltic Sea Project","description":"\u00c5landsbankenin It\u00e4meriprojekti parantaa It\u00e4meren tilaa","potentialAction":[{"@type":"SearchAction","target":{"@type":"EntryPoint","urlTemplate":"https:\/\/itameriprojekti.fi\/en\/?s={search_term_string}"},"query-input":{"@type":"PropertyValueSpecification","valueRequired":true,"valueName":"search_term_string"}}],"inLanguage":"en-US"}]}},"_links":{"self":[{"href":"https:\/\/itameriprojekti.fi\/en\/wp-json\/wp\/v2\/pages\/1111","targetHints":{"allow":["GET"]}}],"collection":[{"href":"https:\/\/itameriprojekti.fi\/en\/wp-json\/wp\/v2\/pages"}],"about":[{"href":"https:\/\/itameriprojekti.fi\/en\/wp-json\/wp\/v2\/types\/page"}],"author":[{"embeddable":true,"href":"https:\/\/itameriprojekti.fi\/en\/wp-json\/wp\/v2\/users\/2"}],"replies":[{"embeddable":true,"href":"https:\/\/itameriprojekti.fi\/en\/wp-json\/wp\/v2\/comments?post=1111"}],"version-history":[{"count":20,"href":"https:\/\/itameriprojekti.fi\/en\/wp-json\/wp\/v2\/pages\/1111\/revisions"}],"predecessor-version":[{"id":2275,"href":"https:\/\/itameriprojekti.fi\/en\/wp-json\/wp\/v2\/pages\/1111\/revisions\/2275"}],"wp:featuredmedia":[{"embeddable":true,"href":"https:\/\/itameriprojekti.fi\/en\/wp-json\/wp\/v2\/media\/820"}],"wp:attachment":[{"href":"https:\/\/itameriprojekti.fi\/en\/wp-json\/wp\/v2\/media?parent=1111"}],"curies":[{"name":"wp","href":"https:\/\/api.w.org\/{rel}","templated":true}]}}