{"id":1123,"date":"2023-11-29T23:01:20","date_gmt":"2023-11-29T21:01:20","guid":{"rendered":"https:\/\/itameriprojekti.fi\/the-baltic-sea-card\/"},"modified":"2023-12-26T17:04:34","modified_gmt":"2023-12-26T15:04:34","slug":"the-baltic-sea-card","status":"publish","type":"page","link":"https:\/\/itameriprojekti.fi\/en\/the-baltic-sea-card\/","title":{"rendered":"The Baltic Sea Card"},"content":{"rendered":"<div class=\"wpb-content-wrapper\"><p>[vc_row row_height_percent=&#8221;0&#8243; override_padding=&#8221;yes&#8221; h_padding=&#8221;2&#8243; top_padding=&#8221;5&#8243; bottom_padding=&#8221;5&#8243; overlay_alpha=&#8221;50&#8243; gutter_size=&#8221;3&#8243; column_width_percent=&#8221;100&#8243; shift_y=&#8221;0&#8243; z_index=&#8221;0&#8243; uncode_shortcode_id=&#8221;208067&#8243;][vc_column column_width_percent=&#8221;100&#8243; align_horizontal=&#8221;align_center&#8221; gutter_size=&#8221;3&#8243; overlay_alpha=&#8221;50&#8243; shift_x=&#8221;0&#8243; shift_y=&#8221;0&#8243; shift_y_down=&#8221;0&#8243; z_index=&#8221;0&#8243; medium_width=&#8221;0&#8243; mobile_width=&#8221;0&#8243; width=&#8221;1\/1&#8243; uncode_shortcode_id=&#8221;192733&#8243;][vc_custom_heading text_size=&#8221;fontsize-726551&#8243; text_height=&#8221;fontheight-136400&#8243; sub_reduced=&#8221;yes&#8221; uncode_shortcode_id=&#8221;272664&#8243;]What is the Baltic Sea Card?[\/vc_custom_heading][vc_column_text uncode_shortcode_id=&#8221;174705&#8243;]The Baltic Sea Card is the payment card for a cleaner Baltic Sea. The Baltic Sea Card is the world\u2019s <br \/>\nfirst payment card made from environmentally friendly materials, and it is coupled to<br \/>\nthe \u00c5land Index. Through the \u00c5land Index, we can help you estimate<br \/>\nthe carbon footprint of your purchases, and you can use that information to help the environment<br \/>\nby supporting environmental organizations or by adjusting some aspects of your lifestyle.<\/p>\n<p>The Baltic Sea Card has all the functions you are used to having, but it is not just<br \/>\nany regular card. The Baltic Sea Card takes a stand, and we hope that you too will want to speak<br \/>\nfor a cleaner environment and a healthier sea.[\/vc_column_text][vc_button button_color=&#8221;color-124513&#8243; custom_typo=&#8221;yes&#8221; font_family=&#8221;font-555555&#8243; font_weight=&#8221;400&#8243; text_transform=&#8221;uppercase&#8221; letter_spacing=&#8221;fontspace-169670&#8243; border_width=&#8221;0&#8243; button_color_type=&#8221;uncode-palette&#8221; uncode_shortcode_id=&#8221;134925&#8243; link=&#8221;url:https%3A%2F%2Fwww.alandsbanken.fi%2Fitamerikortti|title:The%20Baltic%20Sea%20Card|target:_blank|&#8221;]Interested in the baltic sea card? Apply for it now![\/vc_button][\/vc_column][\/vc_row][vc_row row_height_percent=&#8221;0&#8243; override_padding=&#8221;yes&#8221; h_padding=&#8221;2&#8243; top_padding=&#8221;5&#8243; bottom_padding=&#8221;5&#8243; back_color=&#8221;color-715928&#8243; overlay_alpha=&#8221;50&#8243; gutter_size=&#8221;3&#8243; column_width_percent=&#8221;100&#8243; shift_y=&#8221;0&#8243; z_index=&#8221;0&#8243; uncode_shortcode_id=&#8221;201679&#8243; back_color_type=&#8221;uncode-palette&#8221;][vc_column column_width_use_pixel=&#8221;yes&#8221; align_horizontal=&#8221;align_center&#8221; gutter_size=&#8221;4&#8243; overlay_alpha=&#8221;50&#8243; shift_x=&#8221;0&#8243; shift_y=&#8221;0&#8243; shift_y_down=&#8221;0&#8243; z_index=&#8221;0&#8243; medium_width=&#8221;0&#8243; mobile_width=&#8221;0&#8243; width=&#8221;1\/1&#8243; uncode_shortcode_id=&#8221;136718&#8243; column_width_pixel=&#8221;1300&#8243;][vc_custom_heading heading_semantic=&#8221;p&#8221; text_size=&#8221;h3&#8243; text_height=&#8221;fontheight-136400&#8243; uncode_shortcode_id=&#8221;607709&#8243;]Watch a video on[\/vc_custom_heading][vc_custom_heading text_height=&#8221;fontheight-136400&#8243; uncode_shortcode_id=&#8221;547593&#8243;]the Baltic Sea Card and the \u00c5land Index[\/vc_custom_heading][vc_single_image media=&#8221;257&#8243; media_width_percent=&#8221;100&#8243; alignment=&#8221;center&#8221; uncode_shortcode_id=&#8221;139595&#8243; media_link=&#8221;url:https%3A%2F%2Fvimeo.com%2F170536404|target:_blank&#8221;][\/vc_column][\/vc_row][vc_row row_height_percent=&#8221;0&#8243; override_padding=&#8221;yes&#8221; h_padding=&#8221;2&#8243; top_padding=&#8221;5&#8243; bottom_padding=&#8221;2&#8243; back_color=&#8221;color-943707&#8243; overlay_alpha=&#8221;50&#8243; gutter_size=&#8221;3&#8243; column_width_percent=&#8221;100&#8243; shift_y=&#8221;0&#8243; z_index=&#8221;0&#8243; uncode_shortcode_id=&#8221;636621&#8243; back_color_type=&#8221;uncode-palette&#8221;][vc_column column_width_use_pixel=&#8221;yes&#8221; align_horizontal=&#8221;align_center&#8221; gutter_size=&#8221;3&#8243; style=&#8221;dark&#8221; back_color=&#8221;color-943707&#8243; overlay_alpha=&#8221;50&#8243; shift_x=&#8221;0&#8243; shift_y=&#8221;0&#8243; shift_y_down=&#8221;0&#8243; z_index=&#8221;0&#8243; medium_width=&#8221;0&#8243; mobile_width=&#8221;0&#8243; width=&#8221;1\/1&#8243; uncode_shortcode_id=&#8221;201423&#8243; back_color_type=&#8221;uncode-palette&#8221; column_width_pixel=&#8221;1200&#8243;][vc_custom_heading text_size=&#8221;fontsize-726551&#8243; text_height=&#8221;fontheight-136400&#8243; sub_reduced=&#8221;yes&#8221; uncode_shortcode_id=&#8221;164750&#8243;]The \u00c5land Index works like this[\/vc_custom_heading][vc_column_text uncode_shortcode_id=&#8221;193729&#8243;]The \u00c5land Index calculates the impact that your card purchases have on the climate based on the average carbon footprint for each category of industry. This means that it can tell whether you have been at the gas station or the florist, but it can\u2019t connect transactions to individual products. This is because there is no climate data available at that level of detail, and also due to privacy concerns.  <\/p>\n<p>\u00c5land Index\u2122 lanseerattiin vuonna 2016 \u00c5landsbankenin toimesta, ja sit\u00e4 on kehitetty edelleen yhteisty\u00f6ss\u00e4 S&amp;P-luottoluokitusyrityksen markkina-asiantuntijoiden (S&amp;P Global Market Intelligence) kanssa. Indeksi\u00e4 hallinnoi ja kehitt\u00e4\u00e4 Ruotsissa toimiva Doconomy AB, joka YK:n ilmastonmuutosta koskevan puitesopimuksen, UNFCCC:n,kumppaniyrityksen\u00e4 tukee maailmanlaajuisia toimia ymp\u00e4rist\u00f6n hyv\u00e4ksi. S&amp;P Global Market Intelligence ei ole sidossuhteessa \u00c5landsbankenin tai Doconomy AB:n kanssa ja irtisanoutuu kaikesta vastuusta mit\u00e4 tulee mahdollisiin korvausk\u00e4sittelyihin, tappiohin ja vahinkoihin liittyen sen \u00c5land Indexille tuottaman materiaalin k\u00e4ytt\u00f6\u00f6n tai soveltamiseen.  <\/p>\n<p>\u00c5land Index on luotu lis\u00e4\u00e4m\u00e4\u00e4n tietoisuutta elintapojemme vaikutuksesta ilmastoon sek\u00e4 my\u00f6nteisen k\u00e4ytt\u00e4ytymismuutoksen aikaansaamiseksi. Aiemmat tulokset eiv\u00e4t kuitenkaan ole tae tai edes indikaatio tulevaisuuden kehityksest\u00e4. Indeksi\u00e4 valvoo riippumaton kolmas osapuoli, EY, ja sit\u00e4 p\u00e4ivitet\u00e4\u00e4n jatkuvasti. Lue lis\u00e4\u00e4 \u00c5land Indexist\u00e4 ja Doconomy AB:n t\u00e4rke\u00e4st\u00e4 ty\u00f6st\u00e4 osoitteessa <a style=\"color: #f59c0b !important\" href=\"http:\/\/www.doconomy.com\/\" target=\"_blank\" rel=\"noopener\">www.doconomy.com<\/a>.[\/vc_column_text][\/vc_column][\/vc_row][vc_row row_height_percent=&#8221;0&#8243; override_padding=&#8221;yes&#8221; h_padding=&#8221;2&#8243; top_padding=&#8221;2&#8243; bottom_padding=&#8221;2&#8243; back_color=&#8221;color-943707&#8243; overlay_color=&#8221;color-jevc&#8221; overlay_alpha=&#8221;25&#8243; equal_height=&#8221;yes&#8221; gutter_size=&#8221;3&#8243; column_width_percent=&#8221;100&#8243; shift_y=&#8221;0&#8243; z_index=&#8221;0&#8243; uncode_shortcode_id=&#8221;533740&#8243; back_color_type=&#8221;uncode-palette&#8221; overlay_color_type=&#8221;uncode-palette&#8221;][vc_column column_width_percent=&#8221;100&#8243; align_horizontal=&#8221;align_center&#8221; gutter_size=&#8221;3&#8243; style=&#8221;dark&#8221; overlay_alpha=&#8221;50&#8243; shift_x=&#8221;0&#8243; shift_y=&#8221;0&#8243; shift_y_down=&#8221;0&#8243; z_index=&#8221;0&#8243; medium_width=&#8221;0&#8243; mobile_width=&#8221;0&#8243; width=&#8221;1\/1&#8243; uncode_shortcode_id=&#8221;158197&#8243;][vc_row_inner row_inner_height_percent=&#8221;0&#8243; overlay_alpha=&#8221;50&#8243; gutter_size=&#8221;3&#8243; shift_y=&#8221;0&#8243; z_index=&#8221;0&#8243; uncode_shortcode_id=&#8221;143393&#8243; css=&#8221;.vc_custom_1703073297946{margin-top: 72px !important;}&#8221;][vc_column_inner column_width_percent=&#8221;100&#8243; position_vertical=&#8221;middle&#8221; gutter_size=&#8221;3&#8243; style=&#8221;dark&#8221; overlay_alpha=&#8221;50&#8243; shift_x=&#8221;0&#8243; shift_y=&#8221;0&#8243; shift_y_down=&#8221;0&#8243; z_index=&#8221;0&#8243; medium_width=&#8221;0&#8243; mobile_width=&#8221;0&#8243; width=&#8221;1\/3&#8243; uncode_shortcode_id=&#8221;135612&#8243;][uncode_list uncode_shortcode_id=&#8221;133310&#8243;]<\/p>\n<ol>\n<li>The Baltic Sea Card is connected to the \u00c5land Index.<\/li>\n<li>The \u00c5land Index estimates the environmental impact of your card purchases based on the category of the industry.<\/li>\n<li>You can see an estimate of your individual carbon footprint monthly at the online bank and at the mobile bank.<\/li>\n<li>Based on your carbon footprint, you can give back to nature by changing your behaviour or funding local or international environmental initiatives.<\/li>\n<\/ol>\n<p>[\/uncode_list][\/vc_column_inner][vc_column_inner column_width_percent=&#8221;100&#8243; position_vertical=&#8221;middle&#8221; gutter_size=&#8221;3&#8243; style=&#8221;dark&#8221; overlay_alpha=&#8221;50&#8243; shift_x=&#8221;0&#8243; shift_y=&#8221;0&#8243; shift_y_down=&#8221;0&#8243; z_index=&#8221;0&#8243; medium_width=&#8221;0&#8243; mobile_width=&#8221;0&#8243; width=&#8221;2\/3&#8243; uncode_shortcode_id=&#8221;192062&#8243;][vc_single_image media=&#8221;642&#8243; media_width_percent=&#8221;100&#8243; uncode_shortcode_id=&#8221;744649&#8243;][\/vc_column_inner][\/vc_row_inner][vc_button button_color=&#8221;color-124513&#8243; custom_typo=&#8221;yes&#8221; font_family=&#8221;font-555555&#8243; font_weight=&#8221;400&#8243; text_transform=&#8221;uppercase&#8221; letter_spacing=&#8221;fontspace-169670&#8243; border_width=&#8221;0&#8243; button_color_type=&#8221;uncode-palette&#8221; uncode_shortcode_id=&#8221;134925&#8243; link=&#8221;url:https%3A%2F%2Fwww.alandsbanken.fi%2Fitamerikortti|title:The%20Baltic%20Sea%20Card|target:_blank|&#8221;]Interested in the baltic sea card? Apply for it now![\/vc_button][\/vc_column][\/vc_row]<\/p>\n<\/div>","protected":false},"excerpt":{"rendered":"<p>[vc_row row_height_percent=&#8221;0&#8243; override_padding=&#8221;yes&#8221; h_padding=&#8221;2&#8243; top_padding=&#8221;5&#8243; bottom_padding=&#8221;5&#8243; overlay_alpha=&#8221;50&#8243; gutter_size=&#8221;3&#8243; column_width_percent=&#8221;100&#8243; shift_y=&#8221;0&#8243; z_index=&#8221;0&#8243; uncode_shortcode_id=&#8221;208067&#8243;][vc_column column_width_percent=&#8221;100&#8243; align_horizontal=&#8221;align_center&#8221; gutter_size=&#8221;3&#8243; overlay_alpha=&#8221;50&#8243; shift_x=&#8221;0&#8243; shift_y=&#8221;0&#8243; shift_y_down=&#8221;0&#8243; z_index=&#8221;0&#8243; [&hellip;]<\/p>\n","protected":false},"author":2,"featured_media":1008,"parent":0,"menu_order":0,"comment_status":"closed","ping_status":"closed","template":"","meta":{"footnotes":""},"class_list":["post-1123","page","type-page","status-publish","has-post-thumbnail","hentry"],"yoast_head":"<!-- This site is optimized with the Yoast SEO plugin v27.0 - https:\/\/yoast.com\/product\/yoast-seo-wordpress\/ -->\n<title>The Baltic Sea Card - Baltic Sea Project<\/title>\n<meta name=\"robots\" content=\"index, follow, max-snippet:-1, max-image-preview:large, max-video-preview:-1\" \/>\n<link rel=\"canonical\" href=\"https:\/\/itameriprojekti.fi\/en\/the-baltic-sea-card\/\" \/>\n<meta property=\"og:locale\" content=\"en_US\" \/>\n<meta property=\"og:type\" content=\"article\" \/>\n<meta property=\"og:title\" content=\"The Baltic Sea Card - Baltic Sea Project\" \/>\n<meta property=\"og:description\" content=\"[vc_row row_height_percent=&#8221;0&#8243; override_padding=&#8221;yes&#8221; h_padding=&#8221;2&#8243; top_padding=&#8221;5&#8243; bottom_padding=&#8221;5&#8243; overlay_alpha=&#8221;50&#8243; gutter_size=&#8221;3&#8243; column_width_percent=&#8221;100&#8243; shift_y=&#8221;0&#8243; z_index=&#8221;0&#8243; uncode_shortcode_id=&#8221;208067&#8243;][vc_column column_width_percent=&#8221;100&#8243; align_horizontal=&#8221;align_center&#8221; gutter_size=&#8221;3&#8243; overlay_alpha=&#8221;50&#8243; shift_x=&#8221;0&#8243; shift_y=&#8221;0&#8243; shift_y_down=&#8221;0&#8243; z_index=&#8221;0&#8243; [&hellip;]\" \/>\n<meta property=\"og:url\" content=\"https:\/\/itameriprojekti.fi\/en\/the-baltic-sea-card\/\" \/>\n<meta property=\"og:site_name\" content=\"Baltic Sea Project\" \/>\n<meta property=\"article:modified_time\" content=\"2023-12-26T15:04:34+00:00\" \/>\n<meta property=\"og:image\" content=\"https:\/\/itameriprojekti.fi\/wp-content\/uploads\/2023\/11\/rahoitushaku.jpg\" \/>\n\t<meta property=\"og:image:width\" content=\"1920\" \/>\n\t<meta property=\"og:image:height\" content=\"1080\" \/>\n\t<meta property=\"og:image:type\" content=\"image\/jpeg\" \/>\n<meta name=\"twitter:card\" content=\"summary_large_image\" \/>\n<meta name=\"twitter:label1\" content=\"Est. reading time\" \/>\n\t<meta name=\"twitter:data1\" content=\"5 minutes\" \/>\n<script type=\"application\/ld+json\" class=\"yoast-schema-graph\">{\"@context\":\"https:\/\/schema.org\",\"@graph\":[{\"@type\":\"WebPage\",\"@id\":\"https:\/\/itameriprojekti.fi\/en\/the-baltic-sea-card\/\",\"url\":\"https:\/\/itameriprojekti.fi\/en\/the-baltic-sea-card\/\",\"name\":\"The Baltic Sea Card - Baltic Sea Project\",\"isPartOf\":{\"@id\":\"https:\/\/itameriprojekti.fi\/en\/#website\"},\"primaryImageOfPage\":{\"@id\":\"https:\/\/itameriprojekti.fi\/en\/the-baltic-sea-card\/#primaryimage\"},\"image\":{\"@id\":\"https:\/\/itameriprojekti.fi\/en\/the-baltic-sea-card\/#primaryimage\"},\"thumbnailUrl\":\"https:\/\/itameriprojekti.fi\/wp-content\/uploads\/2023\/11\/rahoitushaku.jpg\",\"datePublished\":\"2023-11-29T21:01:20+00:00\",\"dateModified\":\"2023-12-26T15:04:34+00:00\",\"breadcrumb\":{\"@id\":\"https:\/\/itameriprojekti.fi\/en\/the-baltic-sea-card\/#breadcrumb\"},\"inLanguage\":\"en-US\",\"potentialAction\":[{\"@type\":\"ReadAction\",\"target\":[\"https:\/\/itameriprojekti.fi\/en\/the-baltic-sea-card\/\"]}]},{\"@type\":\"ImageObject\",\"inLanguage\":\"en-US\",\"@id\":\"https:\/\/itameriprojekti.fi\/en\/the-baltic-sea-card\/#primaryimage\",\"url\":\"https:\/\/itameriprojekti.fi\/wp-content\/uploads\/2023\/11\/rahoitushaku.jpg\",\"contentUrl\":\"https:\/\/itameriprojekti.fi\/wp-content\/uploads\/2023\/11\/rahoitushaku.jpg\",\"width\":1920,\"height\":1080},{\"@type\":\"BreadcrumbList\",\"@id\":\"https:\/\/itameriprojekti.fi\/en\/the-baltic-sea-card\/#breadcrumb\",\"itemListElement\":[{\"@type\":\"ListItem\",\"position\":1,\"name\":\"Home\",\"item\":\"https:\/\/itameriprojekti.fi\/en\/\"},{\"@type\":\"ListItem\",\"position\":2,\"name\":\"The Baltic Sea Card\"}]},{\"@type\":\"WebSite\",\"@id\":\"https:\/\/itameriprojekti.fi\/en\/#website\",\"url\":\"https:\/\/itameriprojekti.fi\/en\/\",\"name\":\"Baltic Sea Project\",\"description\":\"\u00c5landsbankenin It\u00e4meriprojekti parantaa It\u00e4meren tilaa\",\"potentialAction\":[{\"@type\":\"SearchAction\",\"target\":{\"@type\":\"EntryPoint\",\"urlTemplate\":\"https:\/\/itameriprojekti.fi\/en\/?s={search_term_string}\"},\"query-input\":{\"@type\":\"PropertyValueSpecification\",\"valueRequired\":true,\"valueName\":\"search_term_string\"}}],\"inLanguage\":\"en-US\"}]}<\/script>\n<!-- \/ Yoast SEO plugin. -->","yoast_head_json":{"title":"The Baltic Sea Card - Baltic Sea Project","robots":{"index":"index","follow":"follow","max-snippet":"max-snippet:-1","max-image-preview":"max-image-preview:large","max-video-preview":"max-video-preview:-1"},"canonical":"https:\/\/itameriprojekti.fi\/en\/the-baltic-sea-card\/","og_locale":"en_US","og_type":"article","og_title":"The Baltic Sea Card - Baltic Sea Project","og_description":"[vc_row row_height_percent=&#8221;0&#8243; override_padding=&#8221;yes&#8221; h_padding=&#8221;2&#8243; top_padding=&#8221;5&#8243; bottom_padding=&#8221;5&#8243; overlay_alpha=&#8221;50&#8243; gutter_size=&#8221;3&#8243; column_width_percent=&#8221;100&#8243; shift_y=&#8221;0&#8243; z_index=&#8221;0&#8243; uncode_shortcode_id=&#8221;208067&#8243;][vc_column column_width_percent=&#8221;100&#8243; align_horizontal=&#8221;align_center&#8221; gutter_size=&#8221;3&#8243; overlay_alpha=&#8221;50&#8243; shift_x=&#8221;0&#8243; shift_y=&#8221;0&#8243; shift_y_down=&#8221;0&#8243; z_index=&#8221;0&#8243; [&hellip;]","og_url":"https:\/\/itameriprojekti.fi\/en\/the-baltic-sea-card\/","og_site_name":"Baltic Sea Project","article_modified_time":"2023-12-26T15:04:34+00:00","og_image":[{"width":1920,"height":1080,"url":"https:\/\/itameriprojekti.fi\/wp-content\/uploads\/2023\/11\/rahoitushaku.jpg","type":"image\/jpeg"}],"twitter_card":"summary_large_image","twitter_misc":{"Est. reading time":"5 minutes"},"schema":{"@context":"https:\/\/schema.org","@graph":[{"@type":"WebPage","@id":"https:\/\/itameriprojekti.fi\/en\/the-baltic-sea-card\/","url":"https:\/\/itameriprojekti.fi\/en\/the-baltic-sea-card\/","name":"The Baltic Sea Card - Baltic Sea Project","isPartOf":{"@id":"https:\/\/itameriprojekti.fi\/en\/#website"},"primaryImageOfPage":{"@id":"https:\/\/itameriprojekti.fi\/en\/the-baltic-sea-card\/#primaryimage"},"image":{"@id":"https:\/\/itameriprojekti.fi\/en\/the-baltic-sea-card\/#primaryimage"},"thumbnailUrl":"https:\/\/itameriprojekti.fi\/wp-content\/uploads\/2023\/11\/rahoitushaku.jpg","datePublished":"2023-11-29T21:01:20+00:00","dateModified":"2023-12-26T15:04:34+00:00","breadcrumb":{"@id":"https:\/\/itameriprojekti.fi\/en\/the-baltic-sea-card\/#breadcrumb"},"inLanguage":"en-US","potentialAction":[{"@type":"ReadAction","target":["https:\/\/itameriprojekti.fi\/en\/the-baltic-sea-card\/"]}]},{"@type":"ImageObject","inLanguage":"en-US","@id":"https:\/\/itameriprojekti.fi\/en\/the-baltic-sea-card\/#primaryimage","url":"https:\/\/itameriprojekti.fi\/wp-content\/uploads\/2023\/11\/rahoitushaku.jpg","contentUrl":"https:\/\/itameriprojekti.fi\/wp-content\/uploads\/2023\/11\/rahoitushaku.jpg","width":1920,"height":1080},{"@type":"BreadcrumbList","@id":"https:\/\/itameriprojekti.fi\/en\/the-baltic-sea-card\/#breadcrumb","itemListElement":[{"@type":"ListItem","position":1,"name":"Home","item":"https:\/\/itameriprojekti.fi\/en\/"},{"@type":"ListItem","position":2,"name":"The Baltic Sea Card"}]},{"@type":"WebSite","@id":"https:\/\/itameriprojekti.fi\/en\/#website","url":"https:\/\/itameriprojekti.fi\/en\/","name":"Baltic Sea Project","description":"\u00c5landsbankenin It\u00e4meriprojekti parantaa It\u00e4meren tilaa","potentialAction":[{"@type":"SearchAction","target":{"@type":"EntryPoint","urlTemplate":"https:\/\/itameriprojekti.fi\/en\/?s={search_term_string}"},"query-input":{"@type":"PropertyValueSpecification","valueRequired":true,"valueName":"search_term_string"}}],"inLanguage":"en-US"}]}},"_links":{"self":[{"href":"https:\/\/itameriprojekti.fi\/en\/wp-json\/wp\/v2\/pages\/1123","targetHints":{"allow":["GET"]}}],"collection":[{"href":"https:\/\/itameriprojekti.fi\/en\/wp-json\/wp\/v2\/pages"}],"about":[{"href":"https:\/\/itameriprojekti.fi\/en\/wp-json\/wp\/v2\/types\/page"}],"author":[{"embeddable":true,"href":"https:\/\/itameriprojekti.fi\/en\/wp-json\/wp\/v2\/users\/2"}],"replies":[{"embeddable":true,"href":"https:\/\/itameriprojekti.fi\/en\/wp-json\/wp\/v2\/comments?post=1123"}],"version-history":[{"count":4,"href":"https:\/\/itameriprojekti.fi\/en\/wp-json\/wp\/v2\/pages\/1123\/revisions"}],"predecessor-version":[{"id":1127,"href":"https:\/\/itameriprojekti.fi\/en\/wp-json\/wp\/v2\/pages\/1123\/revisions\/1127"}],"wp:featuredmedia":[{"embeddable":true,"href":"https:\/\/itameriprojekti.fi\/en\/wp-json\/wp\/v2\/media\/1008"}],"wp:attachment":[{"href":"https:\/\/itameriprojekti.fi\/en\/wp-json\/wp\/v2\/media?parent=1123"}],"curies":[{"name":"wp","href":"https:\/\/api.w.org\/{rel}","templated":true}]}}