{"id":1156,"date":"2023-12-21T12:36:50","date_gmt":"2023-12-21T10:36:50","guid":{"rendered":"https:\/\/itameriprojekti.fi\/apply-for-funding\/engaging-projects\/"},"modified":"2024-12-30T15:27:01","modified_gmt":"2024-12-30T13:27:01","slug":"engaging-projects","status":"publish","type":"page","link":"https:\/\/itameriprojekti.fi\/en\/apply-for-funding\/engaging-projects\/","title":{"rendered":"Future"},"content":{"rendered":"<div class=\"wpb-content-wrapper\"><p>[vc_row unlock_row_content=&#8221;yes&#8221; row_height_percent=&#8221;0&#8243; override_padding=&#8221;yes&#8221; h_padding=&#8221;2&#8243; top_padding=&#8221;5&#8243; bottom_padding=&#8221;5&#8243; overlay_alpha=&#8221;50&#8243; gutter_size=&#8221;3&#8243; column_width_percent=&#8221;100&#8243; shift_y=&#8221;0&#8243; z_index=&#8221;0&#8243; uncode_shortcode_id=&#8221;198587&#8243;][vc_column column_width_percent=&#8221;100&#8243; align_horizontal=&#8221;align_center&#8221; gutter_size=&#8221;3&#8243; style=&#8221;dark&#8221; overlay_alpha=&#8221;50&#8243; shift_x=&#8221;0&#8243; shift_y=&#8221;0&#8243; shift_y_down=&#8221;0&#8243; z_index=&#8221;0&#8243; medium_width=&#8221;0&#8243; mobile_width=&#8221;0&#8243; css_animation=&#8221;alpha-anim&#8221; parallax_intensity=&#8221;3&#8243; parallax_centered=&#8221;yes&#8221; width=&#8221;1\/1&#8243; uncode_shortcode_id=&#8221;528261&#8243;][vc_custom_heading text_size=&#8221;h4&#8243; text_height=&#8221;fontheight-136400&#8243; uncode_shortcode_id=&#8221;782713&#8243;]Funding categories[\/vc_custom_heading][vc_custom_heading heading_semantic=&#8221;h1&#8243; text_size=&#8221;fontsize-726551&#8243; text_height=&#8221;fontheight-136400&#8243; uncode_shortcode_id=&#8221;202426&#8243;]Future[\/vc_custom_heading][vc_row_inner][vc_column_inner column_width_use_pixel=&#8221;yes&#8221; align_horizontal=&#8221;align_center&#8221; gutter_size=&#8221;3&#8243; style=&#8221;dark&#8221; overlay_alpha=&#8221;50&#8243; shift_x=&#8221;0&#8243; shift_y=&#8221;0&#8243; shift_y_down=&#8221;0&#8243; z_index=&#8221;0&#8243; medium_width=&#8221;0&#8243; mobile_width=&#8221;0&#8243; width=&#8221;1\/1&#8243; uncode_shortcode_id=&#8221;482211&#8243; column_width_pixel=&#8221;900&#8243;][vc_column_text uncode_shortcode_id=&#8221;633871&#8243; el_class=&#8221;extraShadow&#8221;]<span class=\"TextRun SCXW175018 BCX0\" lang=\"FI-FI\" data-contrast=\"auto\" xml:lang=\"FI-FI\"><span class=\"NormalTextRun SCXW175018 BCX0\">In the Future category, we fund startups and innovations that emphasize boldness and creativity in seeking new ways to improve the Baltic Sea\u2019s condition. Projects focusing on the green transition are also welcome in this category. Additionally, we fund projects aimed at environmental education, attitude change, and raising awareness about the Baltic Sea.  <\/span><\/span><span class=\"EOP SCXW175018 BCX0\" data-ccp-props=\"{\"134233117\":false,\"134233118\":false,\"201341983\":0,\"335551550\":1,\"335551620\":1,\"335559685\":0,\"335559737\":0,\"335559738\":0,\"335559739\":0,\"335559740\":259}\"> <\/span>[\/vc_column_text][\/vc_column_inner][\/vc_row_inner][vc_button button_color=&#8221;color-124513&#8243; size=&#8221;btn-lg&#8221; border_width=&#8221;0&#8243; link=&#8221;url:https%3A%2F%2Fitameriprojekti.fi%2Fen%2Fapply-for-funding%2Ffunding-application%2F|title:Apply%20for%20funding|&#8221; button_color_type=&#8221;uncode-palette&#8221; uncode_shortcode_id=&#8221;167228&#8243;]Apply for funding[\/vc_button][\/vc_column][\/vc_row][vc_row][vc_column width=&#8221;1\/1&#8243;][uncode_block id=&#8221;676&#8243;][\/vc_column][\/vc_row][vc_row][vc_column width=&#8221;1\/1&#8243;][uncode_block id=&#8221;673&#8243;][\/vc_column][\/vc_row]<\/p>\n<\/div>","protected":false},"excerpt":{"rendered":"<p>In the Future category, we fund startups and innovations that emphasize boldness and creativity in seeking new ways to improve the Baltic Sea\u2019s condition. Projects focusing on the green transition are also welcome in this category. Additionally, we fund projects aimed at environmental education, attitude change, and raising awareness about the Baltic Sea.   <\/p>\n","protected":false},"author":2,"featured_media":1042,"parent":1111,"menu_order":3,"comment_status":"closed","ping_status":"closed","template":"","meta":{"footnotes":""},"class_list":["post-1156","page","type-page","status-publish","has-post-thumbnail","hentry","page_category-funding-categories"],"yoast_head":"<!-- This site is optimized with the Yoast SEO plugin v27.0 - https:\/\/yoast.com\/product\/yoast-seo-wordpress\/ -->\n<title>Future - Baltic Sea Project<\/title>\n<meta name=\"robots\" content=\"index, follow, max-snippet:-1, max-image-preview:large, max-video-preview:-1\" \/>\n<link rel=\"canonical\" href=\"https:\/\/itameriprojekti.fi\/en\/apply-for-funding\/engaging-projects\/\" \/>\n<meta property=\"og:locale\" content=\"en_US\" \/>\n<meta property=\"og:type\" content=\"article\" \/>\n<meta property=\"og:title\" content=\"Future - Baltic Sea Project\" \/>\n<meta property=\"og:description\" content=\"In the Future category, we fund startups and innovations that emphasize boldness and creativity in seeking new ways to improve the Baltic Sea\u2019s condition. Projects focusing on the green transition are also welcome in this category. Additionally, we fund projects aimed at environmental education, attitude change, and raising awareness about the Baltic Sea.\" \/>\n<meta property=\"og:url\" content=\"https:\/\/itameriprojekti.fi\/en\/apply-for-funding\/engaging-projects\/\" \/>\n<meta property=\"og:site_name\" content=\"Baltic Sea Project\" \/>\n<meta property=\"article:modified_time\" content=\"2024-12-30T13:27:01+00:00\" \/>\n<meta property=\"og:image\" content=\"https:\/\/itameriprojekti.fi\/wp-content\/uploads\/2023\/12\/pexels-daniel-torobekov-5410873_filter-1-scaled.jpg\" \/>\n\t<meta property=\"og:image:width\" content=\"1429\" \/>\n\t<meta property=\"og:image:height\" content=\"2560\" \/>\n\t<meta property=\"og:image:type\" content=\"image\/jpeg\" \/>\n<meta name=\"twitter:card\" content=\"summary_large_image\" \/>\n<meta name=\"twitter:label1\" content=\"Est. reading time\" \/>\n\t<meta name=\"twitter:data1\" content=\"1 minute\" \/>\n<script type=\"application\/ld+json\" class=\"yoast-schema-graph\">{\"@context\":\"https:\/\/schema.org\",\"@graph\":[{\"@type\":\"WebPage\",\"@id\":\"https:\/\/itameriprojekti.fi\/en\/apply-for-funding\/engaging-projects\/\",\"url\":\"https:\/\/itameriprojekti.fi\/en\/apply-for-funding\/engaging-projects\/\",\"name\":\"Future - Baltic Sea Project\",\"isPartOf\":{\"@id\":\"https:\/\/itameriprojekti.fi\/en\/#website\"},\"primaryImageOfPage\":{\"@id\":\"https:\/\/itameriprojekti.fi\/en\/apply-for-funding\/engaging-projects\/#primaryimage\"},\"image\":{\"@id\":\"https:\/\/itameriprojekti.fi\/en\/apply-for-funding\/engaging-projects\/#primaryimage\"},\"thumbnailUrl\":\"https:\/\/itameriprojekti.fi\/wp-content\/uploads\/2023\/12\/pexels-daniel-torobekov-5410873_filter-1-scaled.jpg\",\"datePublished\":\"2023-12-21T10:36:50+00:00\",\"dateModified\":\"2024-12-30T13:27:01+00:00\",\"breadcrumb\":{\"@id\":\"https:\/\/itameriprojekti.fi\/en\/apply-for-funding\/engaging-projects\/#breadcrumb\"},\"inLanguage\":\"en-US\",\"potentialAction\":[{\"@type\":\"ReadAction\",\"target\":[\"https:\/\/itameriprojekti.fi\/en\/apply-for-funding\/engaging-projects\/\"]}]},{\"@type\":\"ImageObject\",\"inLanguage\":\"en-US\",\"@id\":\"https:\/\/itameriprojekti.fi\/en\/apply-for-funding\/engaging-projects\/#primaryimage\",\"url\":\"https:\/\/itameriprojekti.fi\/wp-content\/uploads\/2023\/12\/pexels-daniel-torobekov-5410873_filter-1-scaled.jpg\",\"contentUrl\":\"https:\/\/itameriprojekti.fi\/wp-content\/uploads\/2023\/12\/pexels-daniel-torobekov-5410873_filter-1-scaled.jpg\",\"width\":1429,\"height\":2560},{\"@type\":\"BreadcrumbList\",\"@id\":\"https:\/\/itameriprojekti.fi\/en\/apply-for-funding\/engaging-projects\/#breadcrumb\",\"itemListElement\":[{\"@type\":\"ListItem\",\"position\":1,\"name\":\"Home\",\"item\":\"https:\/\/itameriprojekti.fi\/en\/\"},{\"@type\":\"ListItem\",\"position\":2,\"name\":\"Apply for funding\",\"item\":\"https:\/\/itameriprojekti.fi\/en\/apply-for-funding\/\"},{\"@type\":\"ListItem\",\"position\":3,\"name\":\"Future\"}]},{\"@type\":\"WebSite\",\"@id\":\"https:\/\/itameriprojekti.fi\/en\/#website\",\"url\":\"https:\/\/itameriprojekti.fi\/en\/\",\"name\":\"Baltic Sea Project\",\"description\":\"\u00c5landsbankenin It\u00e4meriprojekti parantaa It\u00e4meren tilaa\",\"potentialAction\":[{\"@type\":\"SearchAction\",\"target\":{\"@type\":\"EntryPoint\",\"urlTemplate\":\"https:\/\/itameriprojekti.fi\/en\/?s={search_term_string}\"},\"query-input\":{\"@type\":\"PropertyValueSpecification\",\"valueRequired\":true,\"valueName\":\"search_term_string\"}}],\"inLanguage\":\"en-US\"}]}<\/script>\n<!-- \/ Yoast SEO plugin. -->","yoast_head_json":{"title":"Future - Baltic Sea Project","robots":{"index":"index","follow":"follow","max-snippet":"max-snippet:-1","max-image-preview":"max-image-preview:large","max-video-preview":"max-video-preview:-1"},"canonical":"https:\/\/itameriprojekti.fi\/en\/apply-for-funding\/engaging-projects\/","og_locale":"en_US","og_type":"article","og_title":"Future - Baltic Sea Project","og_description":"In the Future category, we fund startups and innovations that emphasize boldness and creativity in seeking new ways to improve the Baltic Sea\u2019s condition. Projects focusing on the green transition are also welcome in this category. Additionally, we fund projects aimed at environmental education, attitude change, and raising awareness about the Baltic Sea.","og_url":"https:\/\/itameriprojekti.fi\/en\/apply-for-funding\/engaging-projects\/","og_site_name":"Baltic Sea Project","article_modified_time":"2024-12-30T13:27:01+00:00","og_image":[{"width":1429,"height":2560,"url":"https:\/\/itameriprojekti.fi\/wp-content\/uploads\/2023\/12\/pexels-daniel-torobekov-5410873_filter-1-scaled.jpg","type":"image\/jpeg"}],"twitter_card":"summary_large_image","twitter_misc":{"Est. reading time":"1 minute"},"schema":{"@context":"https:\/\/schema.org","@graph":[{"@type":"WebPage","@id":"https:\/\/itameriprojekti.fi\/en\/apply-for-funding\/engaging-projects\/","url":"https:\/\/itameriprojekti.fi\/en\/apply-for-funding\/engaging-projects\/","name":"Future - Baltic Sea Project","isPartOf":{"@id":"https:\/\/itameriprojekti.fi\/en\/#website"},"primaryImageOfPage":{"@id":"https:\/\/itameriprojekti.fi\/en\/apply-for-funding\/engaging-projects\/#primaryimage"},"image":{"@id":"https:\/\/itameriprojekti.fi\/en\/apply-for-funding\/engaging-projects\/#primaryimage"},"thumbnailUrl":"https:\/\/itameriprojekti.fi\/wp-content\/uploads\/2023\/12\/pexels-daniel-torobekov-5410873_filter-1-scaled.jpg","datePublished":"2023-12-21T10:36:50+00:00","dateModified":"2024-12-30T13:27:01+00:00","breadcrumb":{"@id":"https:\/\/itameriprojekti.fi\/en\/apply-for-funding\/engaging-projects\/#breadcrumb"},"inLanguage":"en-US","potentialAction":[{"@type":"ReadAction","target":["https:\/\/itameriprojekti.fi\/en\/apply-for-funding\/engaging-projects\/"]}]},{"@type":"ImageObject","inLanguage":"en-US","@id":"https:\/\/itameriprojekti.fi\/en\/apply-for-funding\/engaging-projects\/#primaryimage","url":"https:\/\/itameriprojekti.fi\/wp-content\/uploads\/2023\/12\/pexels-daniel-torobekov-5410873_filter-1-scaled.jpg","contentUrl":"https:\/\/itameriprojekti.fi\/wp-content\/uploads\/2023\/12\/pexels-daniel-torobekov-5410873_filter-1-scaled.jpg","width":1429,"height":2560},{"@type":"BreadcrumbList","@id":"https:\/\/itameriprojekti.fi\/en\/apply-for-funding\/engaging-projects\/#breadcrumb","itemListElement":[{"@type":"ListItem","position":1,"name":"Home","item":"https:\/\/itameriprojekti.fi\/en\/"},{"@type":"ListItem","position":2,"name":"Apply for funding","item":"https:\/\/itameriprojekti.fi\/en\/apply-for-funding\/"},{"@type":"ListItem","position":3,"name":"Future"}]},{"@type":"WebSite","@id":"https:\/\/itameriprojekti.fi\/en\/#website","url":"https:\/\/itameriprojekti.fi\/en\/","name":"Baltic Sea Project","description":"\u00c5landsbankenin It\u00e4meriprojekti parantaa It\u00e4meren tilaa","potentialAction":[{"@type":"SearchAction","target":{"@type":"EntryPoint","urlTemplate":"https:\/\/itameriprojekti.fi\/en\/?s={search_term_string}"},"query-input":{"@type":"PropertyValueSpecification","valueRequired":true,"valueName":"search_term_string"}}],"inLanguage":"en-US"}]}},"_links":{"self":[{"href":"https:\/\/itameriprojekti.fi\/en\/wp-json\/wp\/v2\/pages\/1156","targetHints":{"allow":["GET"]}}],"collection":[{"href":"https:\/\/itameriprojekti.fi\/en\/wp-json\/wp\/v2\/pages"}],"about":[{"href":"https:\/\/itameriprojekti.fi\/en\/wp-json\/wp\/v2\/types\/page"}],"author":[{"embeddable":true,"href":"https:\/\/itameriprojekti.fi\/en\/wp-json\/wp\/v2\/users\/2"}],"replies":[{"embeddable":true,"href":"https:\/\/itameriprojekti.fi\/en\/wp-json\/wp\/v2\/comments?post=1156"}],"version-history":[{"count":11,"href":"https:\/\/itameriprojekti.fi\/en\/wp-json\/wp\/v2\/pages\/1156\/revisions"}],"predecessor-version":[{"id":2022,"href":"https:\/\/itameriprojekti.fi\/en\/wp-json\/wp\/v2\/pages\/1156\/revisions\/2022"}],"up":[{"embeddable":true,"href":"https:\/\/itameriprojekti.fi\/en\/wp-json\/wp\/v2\/pages\/1111"}],"wp:featuredmedia":[{"embeddable":true,"href":"https:\/\/itameriprojekti.fi\/en\/wp-json\/wp\/v2\/media\/1042"}],"wp:attachment":[{"href":"https:\/\/itameriprojekti.fi\/en\/wp-json\/wp\/v2\/media?parent=1156"}],"curies":[{"name":"wp","href":"https:\/\/api.w.org\/{rel}","templated":true}]}}