{"id":1174,"date":"2023-12-21T12:01:28","date_gmt":"2023-12-21T10:01:28","guid":{"rendered":"https:\/\/itameriprojekti.fi\/apply-for-funding\/funding-application\/"},"modified":"2026-03-01T00:07:51","modified_gmt":"2026-02-28T22:07:51","slug":"funding-application","status":"publish","type":"page","link":"https:\/\/itameriprojekti.fi\/en\/apply-for-funding\/funding-application\/","title":{"rendered":"Funding Application"},"content":{"rendered":"<div class=\"wpb-content-wrapper\"><p>[vc_row unlock_row_content=&#8221;yes&#8221; row_height_percent=&#8221;50&#8243; override_padding=&#8221;yes&#8221; h_padding=&#8221;2&#8243; top_padding=&#8221;7&#8243; bottom_padding=&#8221;7&#8243; back_image=&#8221;602&#8243; parallax=&#8221;yes&#8221; overlay_color=&#8221;color-205984&#8243; overlay_alpha=&#8221;80&#8243; gutter_size=&#8221;3&#8243; column_width_percent=&#8221;100&#8243; shift_y=&#8221;0&#8243; z_index=&#8221;0&#8243; uncode_shortcode_id=&#8221;134714&#8243; overlay_color_type=&#8221;uncode-palette&#8221;][vc_column column_width_percent=&#8221;100&#8243; position_vertical=&#8221;middle&#8221; align_horizontal=&#8221;align_center&#8221; gutter_size=&#8221;3&#8243; style=&#8221;dark&#8221; overlay_alpha=&#8221;50&#8243; shift_x=&#8221;0&#8243; shift_y=&#8221;0&#8243; shift_y_down=&#8221;0&#8243; z_index=&#8221;0&#8243; medium_width=&#8221;0&#8243; mobile_width=&#8221;0&#8243; parallax_intensity=&#8221;3&#8243; parallax_centered=&#8221;yes&#8221; width=&#8221;1\/1&#8243; uncode_shortcode_id=&#8221;262118&#8243;][vc_empty_space empty_h=&#8221;5&#8243;][vc_column_text uncode_shortcode_id=&#8221;198308&#8243;]<\/p>\n<h2>The funding application period for the Baltic Sea Project has ended.<\/h2>\n<p>We will announce the recipients of funding at a later date. Thank you to all applicants![\/vc_column_text][\/vc_column][\/vc_row][vc_row unlock_row_content=&#8221;yes&#8221; row_height_percent=&#8221;0&#8243; override_padding=&#8221;yes&#8221; h_padding=&#8221;2&#8243; top_padding=&#8221;3&#8243; bottom_padding=&#8221;3&#8243; back_color=&#8221;color-xsdn&#8221; overlay_alpha=&#8221;50&#8243; gutter_size=&#8221;3&#8243; column_width_percent=&#8221;100&#8243; shift_y=&#8221;0&#8243; z_index=&#8221;0&#8243; uncode_shortcode_id=&#8221;146781&#8243; back_color_type=&#8221;uncode-palette&#8221;][vc_column column_width_percent=&#8221;90&#8243; align_horizontal=&#8221;align_center&#8221; gutter_size=&#8221;3&#8243; overlay_alpha=&#8221;50&#8243; shift_x=&#8221;0&#8243; shift_y=&#8221;0&#8243; shift_y_down=&#8221;0&#8243; z_index=&#8221;0&#8243; medium_width=&#8221;0&#8243; mobile_width=&#8221;0&#8243; width=&#8221;1\/1&#8243;][vc_custom_heading text_height=&#8221;fontheight-136400&#8243; uncode_shortcode_id=&#8221;134080&#8243; subheading=&#8221;In 2022 we gave out a total of \u20ac615k in funding.&#8221;]Funding recipients[\/vc_custom_heading][uncode_index el_id=&#8221;index-15588655905&#8243; index_type=&#8221;carousel&#8221; loop=&#8221;size:6|order_by:date|post_type:post|categories:7|taxonomy_count:10&#8243; carousel_lg=&#8221;3&#8243; carousel_md=&#8221;3&#8243; carousel_sm=&#8221;1&#8243; thumb_size=&#8221;sixteen-nine&#8221; gutter_size=&#8221;3&#8243; post_items=&#8221;media|featured|onpost|poster,category|colorbg|topright|display-icon,date,title,text|excerpt|84&#8243; page_items=&#8221;title,media,text,category&#8221; product_items=&#8221;title,media,text,category,price&#8221; portfolio_items=&#8221;title,media,text,category&#8221; carousel_interval=&#8221;10000&#8243; carousel_navspeed=&#8221;400&#8243; carousel_loop=&#8221;yes&#8221; carousel_dots=&#8221;yes&#8221; carousel_dots_mobile=&#8221;yes&#8221; stage_padding=&#8221;0&#8243; single_back_color=&#8221;color-xsdn&#8221; single_overlay_opacity=&#8221;50&#8243; single_overlay_anim=&#8221;no&#8221; single_text_visible=&#8221;yes&#8221; single_text_anim=&#8221;no&#8221; single_padding=&#8221;0&#8243; single_title_dimension=&#8221;h4&#8243; single_text_lead=&#8221;small&#8221; single_border=&#8221;yes&#8221; single_css_animation=&#8221;bottom-t-top&#8221; single_animation_delay=&#8221;200&#8243; no_double_tap=&#8221;yes&#8221; rahoituksen_saajat_items=&#8221;media|featured|onpost|original,title,text|excerpt|200&#8243; single_half_padding=&#8221;&#8221; single_title_bold=&#8221;yes&#8221; single_title_serif=&#8221;&#8221; single_title_divider=&#8221;&#8221; single_no_background=&#8221;&#8221; items=&#8221;e30=&#8221; footer_position=&#8221;left&#8221; carousel_rtl=&#8221;&#8221; single_icon=&#8221;fa fa-plus2&#8243; filtering_transform=&#8221;uppercase&#8221; uncode_shortcode_id=&#8221;944703&#8243;][vc_button button_color=&#8221;color-943707&#8243; custom_typo=&#8221;yes&#8221; font_family=&#8221;font-555555&#8243; font_weight=&#8221;400&#8243; text_transform=&#8221;uppercase&#8221; letter_spacing=&#8221;fontspace-169670&#8243; border_width=&#8221;0&#8243; button_color_type=&#8221;uncode-palette&#8221; uncode_shortcode_id=&#8221;596908&#8243;]Previous funding recipients[\/vc_button][\/vc_column][\/vc_row]<\/p>\n<\/div>","protected":false},"excerpt":{"rendered":"<p>The application period is open from January 1 to February 28, 2025.<\/p>\n","protected":false},"author":2,"featured_media":1042,"parent":1111,"menu_order":6,"comment_status":"closed","ping_status":"closed","template":"","meta":{"footnotes":""},"class_list":["post-1174","page","type-page","status-publish","has-post-thumbnail","hentry","page_category-funding-categories"],"yoast_head":"<!-- This site is optimized with the Yoast SEO plugin v27.0 - https:\/\/yoast.com\/product\/yoast-seo-wordpress\/ -->\n<title>Funding Application - Baltic Sea Project<\/title>\n<meta name=\"robots\" content=\"index, follow, max-snippet:-1, max-image-preview:large, max-video-preview:-1\" \/>\n<link rel=\"canonical\" href=\"https:\/\/itameriprojekti.fi\/en\/apply-for-funding\/funding-application\/\" \/>\n<meta property=\"og:locale\" content=\"en_US\" \/>\n<meta property=\"og:type\" content=\"article\" \/>\n<meta property=\"og:title\" content=\"Funding Application - Baltic Sea Project\" \/>\n<meta property=\"og:description\" content=\"The application period is open from January 1 to February 28, 2025.\" \/>\n<meta property=\"og:url\" content=\"https:\/\/itameriprojekti.fi\/en\/apply-for-funding\/funding-application\/\" \/>\n<meta property=\"og:site_name\" content=\"Baltic Sea Project\" \/>\n<meta property=\"article:modified_time\" content=\"2026-02-28T22:07:51+00:00\" \/>\n<meta property=\"og:image\" content=\"https:\/\/itameriprojekti.fi\/wp-content\/uploads\/2023\/12\/pexels-daniel-torobekov-5410873_filter-1-scaled.jpg\" \/>\n\t<meta property=\"og:image:width\" content=\"1429\" \/>\n\t<meta property=\"og:image:height\" content=\"2560\" \/>\n\t<meta property=\"og:image:type\" content=\"image\/jpeg\" \/>\n<meta name=\"twitter:card\" content=\"summary_large_image\" \/>\n<meta name=\"twitter:label1\" content=\"Est. reading time\" \/>\n\t<meta name=\"twitter:data1\" content=\"2 minutes\" \/>\n<script type=\"application\/ld+json\" class=\"yoast-schema-graph\">{\"@context\":\"https:\/\/schema.org\",\"@graph\":[{\"@type\":\"WebPage\",\"@id\":\"https:\/\/itameriprojekti.fi\/en\/apply-for-funding\/funding-application\/\",\"url\":\"https:\/\/itameriprojekti.fi\/en\/apply-for-funding\/funding-application\/\",\"name\":\"Funding Application - Baltic Sea Project\",\"isPartOf\":{\"@id\":\"https:\/\/itameriprojekti.fi\/en\/#website\"},\"primaryImageOfPage\":{\"@id\":\"https:\/\/itameriprojekti.fi\/en\/apply-for-funding\/funding-application\/#primaryimage\"},\"image\":{\"@id\":\"https:\/\/itameriprojekti.fi\/en\/apply-for-funding\/funding-application\/#primaryimage\"},\"thumbnailUrl\":\"https:\/\/itameriprojekti.fi\/wp-content\/uploads\/2023\/12\/pexels-daniel-torobekov-5410873_filter-1-scaled.jpg\",\"datePublished\":\"2023-12-21T10:01:28+00:00\",\"dateModified\":\"2026-02-28T22:07:51+00:00\",\"breadcrumb\":{\"@id\":\"https:\/\/itameriprojekti.fi\/en\/apply-for-funding\/funding-application\/#breadcrumb\"},\"inLanguage\":\"en-US\",\"potentialAction\":[{\"@type\":\"ReadAction\",\"target\":[\"https:\/\/itameriprojekti.fi\/en\/apply-for-funding\/funding-application\/\"]}]},{\"@type\":\"ImageObject\",\"inLanguage\":\"en-US\",\"@id\":\"https:\/\/itameriprojekti.fi\/en\/apply-for-funding\/funding-application\/#primaryimage\",\"url\":\"https:\/\/itameriprojekti.fi\/wp-content\/uploads\/2023\/12\/pexels-daniel-torobekov-5410873_filter-1-scaled.jpg\",\"contentUrl\":\"https:\/\/itameriprojekti.fi\/wp-content\/uploads\/2023\/12\/pexels-daniel-torobekov-5410873_filter-1-scaled.jpg\",\"width\":1429,\"height\":2560},{\"@type\":\"BreadcrumbList\",\"@id\":\"https:\/\/itameriprojekti.fi\/en\/apply-for-funding\/funding-application\/#breadcrumb\",\"itemListElement\":[{\"@type\":\"ListItem\",\"position\":1,\"name\":\"Home\",\"item\":\"https:\/\/itameriprojekti.fi\/en\/\"},{\"@type\":\"ListItem\",\"position\":2,\"name\":\"Apply for funding\",\"item\":\"https:\/\/itameriprojekti.fi\/en\/apply-for-funding\/\"},{\"@type\":\"ListItem\",\"position\":3,\"name\":\"Funding Application\"}]},{\"@type\":\"WebSite\",\"@id\":\"https:\/\/itameriprojekti.fi\/en\/#website\",\"url\":\"https:\/\/itameriprojekti.fi\/en\/\",\"name\":\"Baltic Sea Project\",\"description\":\"\u00c5landsbankenin It\u00e4meriprojekti parantaa It\u00e4meren tilaa\",\"potentialAction\":[{\"@type\":\"SearchAction\",\"target\":{\"@type\":\"EntryPoint\",\"urlTemplate\":\"https:\/\/itameriprojekti.fi\/en\/?s={search_term_string}\"},\"query-input\":{\"@type\":\"PropertyValueSpecification\",\"valueRequired\":true,\"valueName\":\"search_term_string\"}}],\"inLanguage\":\"en-US\"}]}<\/script>\n<!-- \/ Yoast SEO plugin. -->","yoast_head_json":{"title":"Funding Application - Baltic Sea Project","robots":{"index":"index","follow":"follow","max-snippet":"max-snippet:-1","max-image-preview":"max-image-preview:large","max-video-preview":"max-video-preview:-1"},"canonical":"https:\/\/itameriprojekti.fi\/en\/apply-for-funding\/funding-application\/","og_locale":"en_US","og_type":"article","og_title":"Funding Application - Baltic Sea Project","og_description":"The application period is open from January 1 to February 28, 2025.","og_url":"https:\/\/itameriprojekti.fi\/en\/apply-for-funding\/funding-application\/","og_site_name":"Baltic Sea Project","article_modified_time":"2026-02-28T22:07:51+00:00","og_image":[{"width":1429,"height":2560,"url":"https:\/\/itameriprojekti.fi\/wp-content\/uploads\/2023\/12\/pexels-daniel-torobekov-5410873_filter-1-scaled.jpg","type":"image\/jpeg"}],"twitter_card":"summary_large_image","twitter_misc":{"Est. reading time":"2 minutes"},"schema":{"@context":"https:\/\/schema.org","@graph":[{"@type":"WebPage","@id":"https:\/\/itameriprojekti.fi\/en\/apply-for-funding\/funding-application\/","url":"https:\/\/itameriprojekti.fi\/en\/apply-for-funding\/funding-application\/","name":"Funding Application - Baltic Sea Project","isPartOf":{"@id":"https:\/\/itameriprojekti.fi\/en\/#website"},"primaryImageOfPage":{"@id":"https:\/\/itameriprojekti.fi\/en\/apply-for-funding\/funding-application\/#primaryimage"},"image":{"@id":"https:\/\/itameriprojekti.fi\/en\/apply-for-funding\/funding-application\/#primaryimage"},"thumbnailUrl":"https:\/\/itameriprojekti.fi\/wp-content\/uploads\/2023\/12\/pexels-daniel-torobekov-5410873_filter-1-scaled.jpg","datePublished":"2023-12-21T10:01:28+00:00","dateModified":"2026-02-28T22:07:51+00:00","breadcrumb":{"@id":"https:\/\/itameriprojekti.fi\/en\/apply-for-funding\/funding-application\/#breadcrumb"},"inLanguage":"en-US","potentialAction":[{"@type":"ReadAction","target":["https:\/\/itameriprojekti.fi\/en\/apply-for-funding\/funding-application\/"]}]},{"@type":"ImageObject","inLanguage":"en-US","@id":"https:\/\/itameriprojekti.fi\/en\/apply-for-funding\/funding-application\/#primaryimage","url":"https:\/\/itameriprojekti.fi\/wp-content\/uploads\/2023\/12\/pexels-daniel-torobekov-5410873_filter-1-scaled.jpg","contentUrl":"https:\/\/itameriprojekti.fi\/wp-content\/uploads\/2023\/12\/pexels-daniel-torobekov-5410873_filter-1-scaled.jpg","width":1429,"height":2560},{"@type":"BreadcrumbList","@id":"https:\/\/itameriprojekti.fi\/en\/apply-for-funding\/funding-application\/#breadcrumb","itemListElement":[{"@type":"ListItem","position":1,"name":"Home","item":"https:\/\/itameriprojekti.fi\/en\/"},{"@type":"ListItem","position":2,"name":"Apply for funding","item":"https:\/\/itameriprojekti.fi\/en\/apply-for-funding\/"},{"@type":"ListItem","position":3,"name":"Funding Application"}]},{"@type":"WebSite","@id":"https:\/\/itameriprojekti.fi\/en\/#website","url":"https:\/\/itameriprojekti.fi\/en\/","name":"Baltic Sea Project","description":"\u00c5landsbankenin It\u00e4meriprojekti parantaa It\u00e4meren tilaa","potentialAction":[{"@type":"SearchAction","target":{"@type":"EntryPoint","urlTemplate":"https:\/\/itameriprojekti.fi\/en\/?s={search_term_string}"},"query-input":{"@type":"PropertyValueSpecification","valueRequired":true,"valueName":"search_term_string"}}],"inLanguage":"en-US"}]}},"_links":{"self":[{"href":"https:\/\/itameriprojekti.fi\/en\/wp-json\/wp\/v2\/pages\/1174","targetHints":{"allow":["GET"]}}],"collection":[{"href":"https:\/\/itameriprojekti.fi\/en\/wp-json\/wp\/v2\/pages"}],"about":[{"href":"https:\/\/itameriprojekti.fi\/en\/wp-json\/wp\/v2\/types\/page"}],"author":[{"embeddable":true,"href":"https:\/\/itameriprojekti.fi\/en\/wp-json\/wp\/v2\/users\/2"}],"replies":[{"embeddable":true,"href":"https:\/\/itameriprojekti.fi\/en\/wp-json\/wp\/v2\/comments?post=1174"}],"version-history":[{"count":31,"href":"https:\/\/itameriprojekti.fi\/en\/wp-json\/wp\/v2\/pages\/1174\/revisions"}],"predecessor-version":[{"id":2333,"href":"https:\/\/itameriprojekti.fi\/en\/wp-json\/wp\/v2\/pages\/1174\/revisions\/2333"}],"up":[{"embeddable":true,"href":"https:\/\/itameriprojekti.fi\/en\/wp-json\/wp\/v2\/pages\/1111"}],"wp:featuredmedia":[{"embeddable":true,"href":"https:\/\/itameriprojekti.fi\/en\/wp-json\/wp\/v2\/media\/1042"}],"wp:attachment":[{"href":"https:\/\/itameriprojekti.fi\/en\/wp-json\/wp\/v2\/media?parent=1174"}],"curies":[{"name":"wp","href":"https:\/\/api.w.org\/{rel}","templated":true}]}}