{"id":1500,"date":"2023-11-29T23:02:37","date_gmt":"2023-11-29T21:02:37","guid":{"rendered":"https:\/\/itameriprojekti.fi\/jury\/"},"modified":"2026-02-12T14:18:07","modified_gmt":"2026-02-12T12:18:07","slug":"jury","status":"publish","type":"page","link":"https:\/\/itameriprojekti.fi\/en\/jury\/","title":{"rendered":"Jury"},"content":{"rendered":"<div class=\"wpb-content-wrapper\"><p>[vc_row row_height_percent=&#8221;0&#8243; override_padding=&#8221;yes&#8221; h_padding=&#8221;2&#8243; top_padding=&#8221;5&#8243; bottom_padding=&#8221;5&#8243; overlay_alpha=&#8221;50&#8243; gutter_size=&#8221;3&#8243; column_width_percent=&#8221;100&#8243; shift_y=&#8221;0&#8243; z_index=&#8221;0&#8243; desktop_visibility=&#8221;yes&#8221; medium_visibility=&#8221;yes&#8221; mobile_visibility=&#8221;yes&#8221; uncode_shortcode_id=&#8221;205679&#8243;][vc_column column_width_percent=&#8221;100&#8243; align_horizontal=&#8221;align_center&#8221; gutter_size=&#8221;3&#8243; overlay_alpha=&#8221;50&#8243; shift_x=&#8221;0&#8243; shift_y=&#8221;0&#8243; shift_y_down=&#8221;0&#8243; z_index=&#8221;0&#8243; medium_width=&#8221;0&#8243; mobile_width=&#8221;0&#8243; width=&#8221;1\/1&#8243; uncode_shortcode_id=&#8221;577763&#8243;][vc_custom_heading text_height=&#8221;fontheight-136400&#8243; uncode_shortcode_id=&#8221;815087&#8243;]Jury of the Baltic Sea Project[\/vc_custom_heading][\/vc_column][\/vc_row][vc_row row_height_percent=&#8221;50&#8243; override_padding=&#8221;yes&#8221; h_padding=&#8221;2&#8243; top_padding=&#8221;2&#8243; bottom_padding=&#8221;2&#8243; overlay_alpha=&#8221;50&#8243; gutter_size=&#8221;3&#8243; column_width_percent=&#8221;100&#8243; shift_y=&#8221;0&#8243; z_index=&#8221;0&#8243; el_class=&#8221;inverted-device-order&#8221; uncode_shortcode_id=&#8221;107015&#8243;][vc_column column_width_use_pixel=&#8221;yes&#8221; position_vertical=&#8221;middle&#8221; gutter_size=&#8221;2&#8243; overlay_alpha=&#8221;50&#8243; shift_x=&#8221;0&#8243; shift_y=&#8221;0&#8243; shift_y_down=&#8221;0&#8243; z_index=&#8221;0&#8243; medium_width=&#8221;0&#8243; mobile_width=&#8221;0&#8243; width=&#8221;2\/3&#8243; column_width_pixel=&#8221;900&#8243; uncode_shortcode_id=&#8221;202743&#8243;][vc_custom_heading text_color=&#8221;accent&#8221; heading_semantic=&#8221;h6&#8243; text_size=&#8221;h6&#8243; text_transform=&#8221;uppercase&#8221; uncode_shortcode_id=&#8221;104078&#8243; text_color_type=&#8221;uncode-palette&#8221;]Member of the jury[\/vc_custom_heading][vc_custom_heading heading_semantic=&#8221;h3&#8243; text_size=&#8221;h1&#8243; subheading=&#8221;Director of \u00c5landsbanken in Finland, Chairman of the Responsibility Committee of Finanssiala ry&#8221; uncode_shortcode_id=&#8221;912907&#8243;]Anne-Maria Salonius[\/vc_custom_heading][vc_column_text uncode_shortcode_id=&#8221;108752&#8243;]Anne-Maria is behind the entire idea of the Baltic Sea Project and has served as the chairperson of the jury since the first funding round of the Baltic Sea Project, starting from 2015. The sea is very close to her heart and Anne-Maria hopes to be able to work for its well-being, so that the beauty and rich species of the Baltic Sea are preserved for future generations.[\/vc_column_text][\/vc_column][vc_column column_width_percent=&#8221;100&#8243; gutter_size=&#8221;3&#8243; overlay_alpha=&#8221;50&#8243; shift_x=&#8221;0&#8243; shift_y=&#8221;0&#8243; shift_y_down=&#8221;0&#8243; z_index=&#8221;0&#8243; medium_width=&#8221;0&#8243; mobile_width=&#8221;0&#8243; sticky=&#8221;yes&#8221; width=&#8221;1\/3&#8243; uncode_shortcode_id=&#8221;912433&#8243;][vc_single_image media=&#8221;1038&#8243; caption=&#8221;yes&#8221; media_width_percent=&#8221;100&#8243; uncode_shortcode_id=&#8221;863633&#8243;][\/vc_column][\/vc_row][vc_row row_height_percent=&#8221;50&#8243; override_padding=&#8221;yes&#8221; h_padding=&#8221;2&#8243; top_padding=&#8221;2&#8243; bottom_padding=&#8221;2&#8243; back_color=&#8221;color-715928&#8243; overlay_alpha=&#8221;50&#8243; gutter_size=&#8221;3&#8243; column_width_percent=&#8221;100&#8243; shift_y=&#8221;0&#8243; z_index=&#8221;0&#8243; uncode_shortcode_id=&#8221;187381&#8243; back_color_type=&#8221;uncode-palette&#8221;][vc_column column_width_percent=&#8221;100&#8243; gutter_size=&#8221;3&#8243; overlay_alpha=&#8221;50&#8243; shift_x=&#8221;0&#8243; shift_y=&#8221;0&#8243; shift_y_down=&#8221;0&#8243; z_index=&#8221;0&#8243; medium_width=&#8221;0&#8243; mobile_width=&#8221;0&#8243; sticky=&#8221;yes&#8221; width=&#8221;1\/3&#8243; uncode_shortcode_id=&#8221;997409&#8243;][vc_single_image media=&#8221;1036&#8243; caption=&#8221;yes&#8221; media_width_percent=&#8221;100&#8243; uncode_shortcode_id=&#8221;213822&#8243;][\/vc_column][vc_column column_width_use_pixel=&#8221;yes&#8221; position_vertical=&#8221;middle&#8221; gutter_size=&#8221;2&#8243; overlay_alpha=&#8221;50&#8243; shift_x=&#8221;0&#8243; shift_y=&#8221;0&#8243; shift_y_down=&#8221;0&#8243; z_index=&#8221;0&#8243; medium_width=&#8221;0&#8243; mobile_width=&#8221;0&#8243; width=&#8221;2\/3&#8243; column_width_pixel=&#8221;900&#8243; uncode_shortcode_id=&#8221;102100&#8243;][vc_custom_heading text_color=&#8221;accent&#8221; heading_semantic=&#8221;h6&#8243; text_size=&#8221;h6&#8243; text_transform=&#8221;uppercase&#8221; uncode_shortcode_id=&#8221;110665&#8243; text_color_type=&#8221;uncode-palette&#8221;]Member of the jury[\/vc_custom_heading][vc_custom_heading heading_semantic=&#8221;h3&#8243; text_size=&#8221;h1&#8243; subheading=&#8221;Emeritus professor and research director. Chairman of the Finnish Climate Panel 2014\u20132023.&#8221; uncode_shortcode_id=&#8221;103059&#8243;]Markku Ollikainen[\/vc_custom_heading][vc_column_text uncode_shortcode_id=&#8221;174707&#8243;]Markku Ollikainen is of the opinion that we can all influence a more sustainable future by, for example, recycling and avoiding so-called luxuries. Ollikainen, who himself was also an applicant for funding from the Baltic Sea Project, thinks it is particularly great that the Baltic Sea Project finances projects from far and wide.[\/vc_column_text][\/vc_column][\/vc_row][vc_row row_height_percent=&#8221;50&#8243; override_padding=&#8221;yes&#8221; h_padding=&#8221;2&#8243; top_padding=&#8221;2&#8243; bottom_padding=&#8221;2&#8243; overlay_alpha=&#8221;50&#8243; gutter_size=&#8221;3&#8243; column_width_percent=&#8221;100&#8243; shift_y=&#8221;0&#8243; z_index=&#8221;0&#8243; el_class=&#8221;inverted-device-order&#8221; uncode_shortcode_id=&#8221;164161&#8243;][vc_column column_width_use_pixel=&#8221;yes&#8221; position_vertical=&#8221;middle&#8221; gutter_size=&#8221;2&#8243; overlay_alpha=&#8221;50&#8243; shift_x=&#8221;0&#8243; shift_y=&#8221;0&#8243; shift_y_down=&#8221;0&#8243; z_index=&#8221;0&#8243; medium_width=&#8221;0&#8243; mobile_width=&#8221;0&#8243; width=&#8221;2\/3&#8243; column_width_pixel=&#8221;900&#8243; uncode_shortcode_id=&#8221;668794&#8243;][vc_custom_heading text_color=&#8221;accent&#8221; heading_semantic=&#8221;h6&#8243; text_size=&#8221;h6&#8243; text_transform=&#8221;uppercase&#8221; uncode_shortcode_id=&#8221;134461&#8243; text_color_type=&#8221;uncode-palette&#8221;]Member of the jury[\/vc_custom_heading][vc_custom_heading heading_semantic=&#8221;h3&#8243; text_size=&#8221;h1&#8243; subheading=&#8221;Serial entrepreneur, founders of Kyr\u00f6 Distillery and Nemo Seafarms, a startup company focused on innovative aquaculture, and chairman of the board. Lives in Iceland.&#8221; uncode_shortcode_id=&#8221;514382&#8243;]Mikko Koskinen[\/vc_custom_heading][vc_column_text uncode_shortcode_id=&#8221;156730&#8243;]Serial entrepreneur Mikko Koskinen believes that regional solutions that promote the well-being of the Baltic Sea can be replicated and that the funded projects will bring well-being far beyond the Baltic Sea itself. Appreciating deep benevolence, Koskinen is also environmentally conscious in his own everyday life: for example, he embroiders his clothes himself using the Japanese sashiko technique.[\/vc_column_text][\/vc_column][vc_column column_width_percent=&#8221;100&#8243; gutter_size=&#8221;3&#8243; overlay_alpha=&#8221;50&#8243; shift_x=&#8221;0&#8243; shift_y=&#8221;0&#8243; shift_y_down=&#8221;0&#8243; z_index=&#8221;0&#8243; medium_width=&#8221;0&#8243; mobile_width=&#8221;0&#8243; sticky=&#8221;yes&#8221; width=&#8221;1\/3&#8243; uncode_shortcode_id=&#8221;204377&#8243;][vc_single_image media=&#8221;1030&#8243; caption=&#8221;yes&#8221; media_width_percent=&#8221;100&#8243; uncode_shortcode_id=&#8221;504259&#8243;][\/vc_column][\/vc_row][vc_row row_height_percent=&#8221;50&#8243; override_padding=&#8221;yes&#8221; h_padding=&#8221;2&#8243; top_padding=&#8221;2&#8243; bottom_padding=&#8221;2&#8243; back_color=&#8221;color-715928&#8243; overlay_alpha=&#8221;50&#8243; gutter_size=&#8221;3&#8243; column_width_percent=&#8221;100&#8243; shift_y=&#8221;0&#8243; z_index=&#8221;0&#8243; uncode_shortcode_id=&#8221;159784&#8243; back_color_type=&#8221;uncode-palette&#8221;][vc_column column_width_percent=&#8221;100&#8243; gutter_size=&#8221;3&#8243; overlay_alpha=&#8221;50&#8243; shift_x=&#8221;0&#8243; shift_y=&#8221;0&#8243; shift_y_down=&#8221;0&#8243; z_index=&#8221;0&#8243; medium_width=&#8221;0&#8243; mobile_width=&#8221;0&#8243; sticky=&#8221;yes&#8221; width=&#8221;1\/3&#8243; uncode_shortcode_id=&#8221;132858&#8243;][vc_single_image media=&#8221;1032&#8243; caption=&#8221;yes&#8221; media_width_percent=&#8221;100&#8243; uncode_shortcode_id=&#8221;172716&#8243;][\/vc_column][vc_column column_width_use_pixel=&#8221;yes&#8221; position_vertical=&#8221;middle&#8221; gutter_size=&#8221;2&#8243; overlay_alpha=&#8221;50&#8243; shift_x=&#8221;0&#8243; shift_y=&#8221;0&#8243; shift_y_down=&#8221;0&#8243; z_index=&#8221;0&#8243; medium_width=&#8221;0&#8243; mobile_width=&#8221;0&#8243; width=&#8221;2\/3&#8243; column_width_pixel=&#8221;900&#8243; uncode_shortcode_id=&#8221;201699&#8243;][vc_custom_heading text_color=&#8221;accent&#8221; heading_semantic=&#8221;h6&#8243; text_size=&#8221;h6&#8243; text_transform=&#8221;uppercase&#8221; uncode_shortcode_id=&#8221;763770&#8243; text_color_type=&#8221;uncode-palette&#8221;]Member of the jury[\/vc_custom_heading][vc_custom_heading heading_semantic=&#8221;h3&#8243; text_size=&#8221;h1&#8243; subheading=&#8221;Ph.D. and docent and partner at One Planet Oy&#8221; uncode_shortcode_id=&#8221;125175&#8243;]Mari Pantsar[\/vc_custom_heading][vc_column_text uncode_shortcode_id=&#8221;121578&#8243;]Mari, who has followed the Baltic Sea Project for a long time, especially expects good discussions from working as a judge, through which she can also learn a lot of new things herself. She hopes that people in general have the courage to slow down and stop to think about where genuine well-being and happiness in life come from. With this thought work, everyone could better find their own sustainable way of living.[\/vc_column_text][\/vc_column][\/vc_row]<\/p>\n<\/div>","protected":false},"excerpt":{"rendered":"<p>[vc_row row_height_percent=&#8221;0&#8243; override_padding=&#8221;yes&#8221; h_padding=&#8221;2&#8243; top_padding=&#8221;5&#8243; bottom_padding=&#8221;5&#8243; overlay_alpha=&#8221;50&#8243; gutter_size=&#8221;3&#8243; column_width_percent=&#8221;100&#8243; shift_y=&#8221;0&#8243; z_index=&#8221;0&#8243; desktop_visibility=&#8221;yes&#8221; medium_visibility=&#8221;yes&#8221; mobile_visibility=&#8221;yes&#8221; uncode_shortcode_id=&#8221;205679&#8243;][vc_column column_width_percent=&#8221;100&#8243; align_horizontal=&#8221;align_center&#8221; gutter_size=&#8221;3&#8243; overlay_alpha=&#8221;50&#8243; shift_x=&#8221;0&#8243; [&hellip;]<\/p>\n","protected":false},"author":2,"featured_media":1008,"parent":0,"menu_order":0,"comment_status":"closed","ping_status":"closed","template":"","meta":{"footnotes":""},"class_list":["post-1500","page","type-page","status-publish","has-post-thumbnail","hentry"],"yoast_head":"<!-- This site is optimized with the Yoast SEO plugin v27.0 - https:\/\/yoast.com\/product\/yoast-seo-wordpress\/ -->\n<title>Jury - Baltic Sea Project<\/title>\n<meta name=\"robots\" content=\"index, follow, max-snippet:-1, max-image-preview:large, max-video-preview:-1\" \/>\n<link rel=\"canonical\" href=\"https:\/\/itameriprojekti.fi\/en\/jury\/\" \/>\n<meta property=\"og:locale\" content=\"en_US\" \/>\n<meta property=\"og:type\" content=\"article\" \/>\n<meta property=\"og:title\" content=\"Jury - Baltic Sea Project\" \/>\n<meta property=\"og:description\" content=\"[vc_row row_height_percent=&#8221;0&#8243; override_padding=&#8221;yes&#8221; h_padding=&#8221;2&#8243; top_padding=&#8221;5&#8243; bottom_padding=&#8221;5&#8243; overlay_alpha=&#8221;50&#8243; gutter_size=&#8221;3&#8243; column_width_percent=&#8221;100&#8243; shift_y=&#8221;0&#8243; z_index=&#8221;0&#8243; desktop_visibility=&#8221;yes&#8221; medium_visibility=&#8221;yes&#8221; mobile_visibility=&#8221;yes&#8221; uncode_shortcode_id=&#8221;205679&#8243;][vc_column column_width_percent=&#8221;100&#8243; align_horizontal=&#8221;align_center&#8221; gutter_size=&#8221;3&#8243; overlay_alpha=&#8221;50&#8243; shift_x=&#8221;0&#8243; [&hellip;]\" \/>\n<meta property=\"og:url\" content=\"https:\/\/itameriprojekti.fi\/en\/jury\/\" \/>\n<meta property=\"og:site_name\" content=\"Baltic Sea Project\" \/>\n<meta property=\"article:modified_time\" content=\"2026-02-12T12:18:07+00:00\" \/>\n<meta property=\"og:image\" content=\"https:\/\/itameriprojekti.fi\/wp-content\/uploads\/2023\/11\/rahoitushaku.jpg\" \/>\n\t<meta property=\"og:image:width\" content=\"1920\" \/>\n\t<meta property=\"og:image:height\" content=\"1080\" \/>\n\t<meta property=\"og:image:type\" content=\"image\/jpeg\" \/>\n<meta name=\"twitter:card\" content=\"summary_large_image\" \/>\n<meta name=\"twitter:label1\" content=\"Est. reading time\" \/>\n\t<meta name=\"twitter:data1\" content=\"4 minutes\" \/>\n<script type=\"application\/ld+json\" class=\"yoast-schema-graph\">{\"@context\":\"https:\/\/schema.org\",\"@graph\":[{\"@type\":\"WebPage\",\"@id\":\"https:\/\/itameriprojekti.fi\/en\/jury\/\",\"url\":\"https:\/\/itameriprojekti.fi\/en\/jury\/\",\"name\":\"Jury - Baltic Sea Project\",\"isPartOf\":{\"@id\":\"https:\/\/itameriprojekti.fi\/en\/#website\"},\"primaryImageOfPage\":{\"@id\":\"https:\/\/itameriprojekti.fi\/en\/jury\/#primaryimage\"},\"image\":{\"@id\":\"https:\/\/itameriprojekti.fi\/en\/jury\/#primaryimage\"},\"thumbnailUrl\":\"https:\/\/itameriprojekti.fi\/wp-content\/uploads\/2023\/11\/rahoitushaku.jpg\",\"datePublished\":\"2023-11-29T21:02:37+00:00\",\"dateModified\":\"2026-02-12T12:18:07+00:00\",\"breadcrumb\":{\"@id\":\"https:\/\/itameriprojekti.fi\/en\/jury\/#breadcrumb\"},\"inLanguage\":\"en-US\",\"potentialAction\":[{\"@type\":\"ReadAction\",\"target\":[\"https:\/\/itameriprojekti.fi\/en\/jury\/\"]}]},{\"@type\":\"ImageObject\",\"inLanguage\":\"en-US\",\"@id\":\"https:\/\/itameriprojekti.fi\/en\/jury\/#primaryimage\",\"url\":\"https:\/\/itameriprojekti.fi\/wp-content\/uploads\/2023\/11\/rahoitushaku.jpg\",\"contentUrl\":\"https:\/\/itameriprojekti.fi\/wp-content\/uploads\/2023\/11\/rahoitushaku.jpg\",\"width\":1920,\"height\":1080},{\"@type\":\"BreadcrumbList\",\"@id\":\"https:\/\/itameriprojekti.fi\/en\/jury\/#breadcrumb\",\"itemListElement\":[{\"@type\":\"ListItem\",\"position\":1,\"name\":\"Home\",\"item\":\"https:\/\/itameriprojekti.fi\/en\/\"},{\"@type\":\"ListItem\",\"position\":2,\"name\":\"Jury\"}]},{\"@type\":\"WebSite\",\"@id\":\"https:\/\/itameriprojekti.fi\/en\/#website\",\"url\":\"https:\/\/itameriprojekti.fi\/en\/\",\"name\":\"Baltic Sea Project\",\"description\":\"\u00c5landsbankenin It\u00e4meriprojekti parantaa It\u00e4meren tilaa\",\"potentialAction\":[{\"@type\":\"SearchAction\",\"target\":{\"@type\":\"EntryPoint\",\"urlTemplate\":\"https:\/\/itameriprojekti.fi\/en\/?s={search_term_string}\"},\"query-input\":{\"@type\":\"PropertyValueSpecification\",\"valueRequired\":true,\"valueName\":\"search_term_string\"}}],\"inLanguage\":\"en-US\"}]}<\/script>\n<!-- \/ Yoast SEO plugin. -->","yoast_head_json":{"title":"Jury - Baltic Sea Project","robots":{"index":"index","follow":"follow","max-snippet":"max-snippet:-1","max-image-preview":"max-image-preview:large","max-video-preview":"max-video-preview:-1"},"canonical":"https:\/\/itameriprojekti.fi\/en\/jury\/","og_locale":"en_US","og_type":"article","og_title":"Jury - Baltic Sea Project","og_description":"[vc_row row_height_percent=&#8221;0&#8243; override_padding=&#8221;yes&#8221; h_padding=&#8221;2&#8243; top_padding=&#8221;5&#8243; bottom_padding=&#8221;5&#8243; overlay_alpha=&#8221;50&#8243; gutter_size=&#8221;3&#8243; column_width_percent=&#8221;100&#8243; shift_y=&#8221;0&#8243; z_index=&#8221;0&#8243; desktop_visibility=&#8221;yes&#8221; medium_visibility=&#8221;yes&#8221; mobile_visibility=&#8221;yes&#8221; uncode_shortcode_id=&#8221;205679&#8243;][vc_column column_width_percent=&#8221;100&#8243; align_horizontal=&#8221;align_center&#8221; gutter_size=&#8221;3&#8243; overlay_alpha=&#8221;50&#8243; shift_x=&#8221;0&#8243; [&hellip;]","og_url":"https:\/\/itameriprojekti.fi\/en\/jury\/","og_site_name":"Baltic Sea Project","article_modified_time":"2026-02-12T12:18:07+00:00","og_image":[{"width":1920,"height":1080,"url":"https:\/\/itameriprojekti.fi\/wp-content\/uploads\/2023\/11\/rahoitushaku.jpg","type":"image\/jpeg"}],"twitter_card":"summary_large_image","twitter_misc":{"Est. reading time":"4 minutes"},"schema":{"@context":"https:\/\/schema.org","@graph":[{"@type":"WebPage","@id":"https:\/\/itameriprojekti.fi\/en\/jury\/","url":"https:\/\/itameriprojekti.fi\/en\/jury\/","name":"Jury - Baltic Sea Project","isPartOf":{"@id":"https:\/\/itameriprojekti.fi\/en\/#website"},"primaryImageOfPage":{"@id":"https:\/\/itameriprojekti.fi\/en\/jury\/#primaryimage"},"image":{"@id":"https:\/\/itameriprojekti.fi\/en\/jury\/#primaryimage"},"thumbnailUrl":"https:\/\/itameriprojekti.fi\/wp-content\/uploads\/2023\/11\/rahoitushaku.jpg","datePublished":"2023-11-29T21:02:37+00:00","dateModified":"2026-02-12T12:18:07+00:00","breadcrumb":{"@id":"https:\/\/itameriprojekti.fi\/en\/jury\/#breadcrumb"},"inLanguage":"en-US","potentialAction":[{"@type":"ReadAction","target":["https:\/\/itameriprojekti.fi\/en\/jury\/"]}]},{"@type":"ImageObject","inLanguage":"en-US","@id":"https:\/\/itameriprojekti.fi\/en\/jury\/#primaryimage","url":"https:\/\/itameriprojekti.fi\/wp-content\/uploads\/2023\/11\/rahoitushaku.jpg","contentUrl":"https:\/\/itameriprojekti.fi\/wp-content\/uploads\/2023\/11\/rahoitushaku.jpg","width":1920,"height":1080},{"@type":"BreadcrumbList","@id":"https:\/\/itameriprojekti.fi\/en\/jury\/#breadcrumb","itemListElement":[{"@type":"ListItem","position":1,"name":"Home","item":"https:\/\/itameriprojekti.fi\/en\/"},{"@type":"ListItem","position":2,"name":"Jury"}]},{"@type":"WebSite","@id":"https:\/\/itameriprojekti.fi\/en\/#website","url":"https:\/\/itameriprojekti.fi\/en\/","name":"Baltic Sea Project","description":"\u00c5landsbankenin It\u00e4meriprojekti parantaa It\u00e4meren tilaa","potentialAction":[{"@type":"SearchAction","target":{"@type":"EntryPoint","urlTemplate":"https:\/\/itameriprojekti.fi\/en\/?s={search_term_string}"},"query-input":{"@type":"PropertyValueSpecification","valueRequired":true,"valueName":"search_term_string"}}],"inLanguage":"en-US"}]}},"_links":{"self":[{"href":"https:\/\/itameriprojekti.fi\/en\/wp-json\/wp\/v2\/pages\/1500","targetHints":{"allow":["GET"]}}],"collection":[{"href":"https:\/\/itameriprojekti.fi\/en\/wp-json\/wp\/v2\/pages"}],"about":[{"href":"https:\/\/itameriprojekti.fi\/en\/wp-json\/wp\/v2\/types\/page"}],"author":[{"embeddable":true,"href":"https:\/\/itameriprojekti.fi\/en\/wp-json\/wp\/v2\/users\/2"}],"replies":[{"embeddable":true,"href":"https:\/\/itameriprojekti.fi\/en\/wp-json\/wp\/v2\/comments?post=1500"}],"version-history":[{"count":6,"href":"https:\/\/itameriprojekti.fi\/en\/wp-json\/wp\/v2\/pages\/1500\/revisions"}],"predecessor-version":[{"id":2323,"href":"https:\/\/itameriprojekti.fi\/en\/wp-json\/wp\/v2\/pages\/1500\/revisions\/2323"}],"wp:featuredmedia":[{"embeddable":true,"href":"https:\/\/itameriprojekti.fi\/en\/wp-json\/wp\/v2\/media\/1008"}],"wp:attachment":[{"href":"https:\/\/itameriprojekti.fi\/en\/wp-json\/wp\/v2\/media?parent=1500"}],"curies":[{"name":"wp","href":"https:\/\/api.w.org\/{rel}","templated":true}]}}