{"id":1129,"date":"2023-11-29T23:01:20","date_gmt":"2023-11-29T21:01:20","guid":{"rendered":"https:\/\/itameriprojekti.fi\/ostersjokortet\/"},"modified":"2023-12-29T14:17:16","modified_gmt":"2023-12-29T12:17:16","slug":"ostersjokortet","status":"publish","type":"page","link":"https:\/\/itameriprojekti.fi\/sv\/ostersjokortet\/","title":{"rendered":"\u00d6stersj\u00f6kortet"},"content":{"rendered":"<div class=\"wpb-content-wrapper\"><p>[vc_row row_height_percent=&#8221;0&#8243; override_padding=&#8221;yes&#8221; h_padding=&#8221;2&#8243; top_padding=&#8221;5&#8243; bottom_padding=&#8221;5&#8243; overlay_alpha=&#8221;50&#8243; gutter_size=&#8221;3&#8243; column_width_percent=&#8221;100&#8243; shift_y=&#8221;0&#8243; z_index=&#8221;0&#8243; uncode_shortcode_id=&#8221;208067&#8243;][vc_column column_width_use_pixel=&#8221;yes&#8221; align_horizontal=&#8221;align_center&#8221; gutter_size=&#8221;3&#8243; overlay_alpha=&#8221;50&#8243; shift_x=&#8221;0&#8243; shift_y=&#8221;0&#8243; shift_y_down=&#8221;0&#8243; z_index=&#8221;0&#8243; medium_width=&#8221;0&#8243; mobile_width=&#8221;0&#8243; width=&#8221;1\/1&#8243; uncode_shortcode_id=&#8221;159196&#8243; column_width_pixel=&#8221;900&#8243;][vc_custom_heading text_size=&#8221;fontsize-726551&#8243; text_height=&#8221;fontheight-136400&#8243; sub_reduced=&#8221;yes&#8221; uncode_shortcode_id=&#8221;272664&#8243;]Vad \u00e4r \u00d6stersj\u00f6kortet?[\/vc_custom_heading][vc_column_text uncode_shortcode_id=&#8221;202045&#8243;]\u00d6stersj\u00f6kortet \u00e4r ett betalkort f\u00f6r en renare \u00d6stersj\u00f6. \u00d6stersj\u00f6kortet \u00e4r v\u00e4rldens f\u00f6rsta kort tillverkat av milj\u00f6v\u00e4nligt material som \u00e4r kopplat till ett index f\u00f6r milj\u00f6p\u00e5verkan, \u00c5land Index. Med hj\u00e4lp av \u00c5land Index hj\u00e4lper vi dig uppskatta koldioxidavtrycket f\u00f6r dina ink\u00f6p och utifr\u00e5n detta kan du, om du vill, f\u00f6rb\u00e4ttra milj\u00f6ns tillst\u00e5nd genom att st\u00f6dja milj\u00f6skydd eller uppm\u00e4rksamma din livsstil.<\/p>\n<p>\u00d6stersj\u00f6kortet har alla funktioner du \u00e4r van vid, men det \u00e4r \u00e4nd\u00e5 inte bara ett vanligt kort. \u00d6stersj\u00f6kortet tar st\u00e4llning och vi hoppas att ocks\u00e5 du vill tala f\u00f6r en renare natur och ett friskare hav.[\/vc_column_text][vc_button button_color=&#8221;color-124513&#8243; custom_typo=&#8221;yes&#8221; font_family=&#8221;font-555555&#8243; font_weight=&#8221;400&#8243; text_transform=&#8221;uppercase&#8221; letter_spacing=&#8221;fontspace-169670&#8243; border_width=&#8221;0&#8243; button_color_type=&#8221;uncode-palette&#8221; uncode_shortcode_id=&#8221;134925&#8243; link=&#8221;url:https%3A%2F%2Fwww.alandsbanken.fi%2Fitamerikortti|title:%C3%96stersj%C3%B6kortet|target:_blank|&#8221;]Blev du intresserad av \u00d6stersj\u00f6kortet? Skicka in din ans\u00f6kan![\/vc_button][\/vc_column][\/vc_row][vc_row row_height_percent=&#8221;0&#8243; override_padding=&#8221;yes&#8221; h_padding=&#8221;2&#8243; top_padding=&#8221;5&#8243; bottom_padding=&#8221;2&#8243; back_color=&#8221;color-943707&#8243; overlay_alpha=&#8221;50&#8243; gutter_size=&#8221;3&#8243; column_width_percent=&#8221;100&#8243; shift_y=&#8221;0&#8243; z_index=&#8221;0&#8243; uncode_shortcode_id=&#8221;636621&#8243; back_color_type=&#8221;uncode-palette&#8221;][vc_column column_width_use_pixel=&#8221;yes&#8221; align_horizontal=&#8221;align_center&#8221; gutter_size=&#8221;3&#8243; style=&#8221;dark&#8221; back_color=&#8221;color-943707&#8243; overlay_alpha=&#8221;50&#8243; shift_x=&#8221;0&#8243; shift_y=&#8221;0&#8243; shift_y_down=&#8221;0&#8243; z_index=&#8221;0&#8243; medium_width=&#8221;0&#8243; mobile_width=&#8221;0&#8243; width=&#8221;1\/1&#8243; uncode_shortcode_id=&#8221;201423&#8243; back_color_type=&#8221;uncode-palette&#8221; column_width_pixel=&#8221;1200&#8243;][vc_custom_heading text_size=&#8221;fontsize-726551&#8243; text_height=&#8221;fontheight-136400&#8243; sub_reduced=&#8221;yes&#8221; uncode_shortcode_id=&#8221;164750&#8243;]S\u00e5 h\u00e4r fungerar \u00c5land Index[\/vc_custom_heading][vc_column_text uncode_shortcode_id=&#8221;193729&#8243;]Koldioxidavtrycket ber\u00e4knas med hj\u00e4lp av \u00c5land Index\u2122, som kombinerar varje k\u00f6pesumma med koldioxidavtrycket f\u00f6r den specifika handelskategorin. Detta betyder att indexet kan skilja mellan ett tandl\u00e4karbes\u00f6k och ett blomsterhandelsbes\u00f6k, men inte mellan rosink\u00f6p och tulpanink\u00f6p. Indexet p\u00e5st\u00e5s inte kunna ber\u00e4kna ett exakt koldioxidavtryck baserat p\u00e5 din livsstil, men kan ge dig en fingervisning ang\u00e5ende koldioxidutsl\u00e4ppen associerade med dina vanor.  <\/p>\n<p>\u00c5land Index\u2122 lanserades \u00e5r 2016 av \u00c5landsbanken och har utvecklats vidare i samarbete med S&amp;P Global Market Intelligence. Indexet f\u00f6rvaltas och vidareutvecklas av Doconomy AB, som \u00e4r baserad i Sverige och som partner till UNFCCC fr\u00e4mjar det globala klimatarbetet. S&amp;P Global Market Intelligence \u00e4r inte anknuten till \u00c5landsbanken eller Doconomy AB och fr\u00e5ns\u00e4ger sig allt ansvar f\u00f6r eventuella krav, f\u00f6rluster eller skador som uppst\u00e5r i samband med anv\u00e4ndning eller till\u00e4mpning av det material som bolaget har \u00f6verl\u00e4mnat till \u00c5land Index.  <\/p>\n<p>Syftet med \u00c5land Index \u00e4r att hj\u00e4lpa anv\u00e4ndare komma till insikt om hur deras livsstil p\u00e5verkar klimatet samt att fr\u00e4mja en positiv beteendef\u00f6r\u00e4ndring. Dock kan tidigare prestationer ses varken som en indikation eller som en garanti om framtida resultat. Indexet granskas av en oberoende tredje part, EY, och uppdateras regelbundet. L\u00e4s mera om \u00c5land Index och det viktiga arbetet som utf\u00f6rs av Doconomy AB h\u00e4r: <a style=\"color: #f59c0b !important;\" href=\"http:\/\/www.doconomy.com\/\" target=\"_blank\" rel=\"noopener\">www.doconomy.com<\/a>.[\/vc_column_text][\/vc_column][\/vc_row][vc_row row_height_percent=&#8221;0&#8243; override_padding=&#8221;yes&#8221; h_padding=&#8221;2&#8243; top_padding=&#8221;2&#8243; bottom_padding=&#8221;2&#8243; back_color=&#8221;color-943707&#8243; overlay_color=&#8221;color-jevc&#8221; overlay_alpha=&#8221;25&#8243; equal_height=&#8221;yes&#8221; gutter_size=&#8221;3&#8243; column_width_percent=&#8221;100&#8243; shift_y=&#8221;0&#8243; z_index=&#8221;0&#8243; uncode_shortcode_id=&#8221;533740&#8243; back_color_type=&#8221;uncode-palette&#8221; overlay_color_type=&#8221;uncode-palette&#8221;][vc_column column_width_percent=&#8221;100&#8243; align_horizontal=&#8221;align_center&#8221; gutter_size=&#8221;3&#8243; style=&#8221;dark&#8221; overlay_alpha=&#8221;50&#8243; shift_x=&#8221;0&#8243; shift_y=&#8221;0&#8243; shift_y_down=&#8221;0&#8243; z_index=&#8221;0&#8243; medium_width=&#8221;0&#8243; mobile_width=&#8221;0&#8243; width=&#8221;1\/1&#8243; uncode_shortcode_id=&#8221;158197&#8243;][vc_row_inner row_inner_height_percent=&#8221;0&#8243; overlay_alpha=&#8221;50&#8243; gutter_size=&#8221;3&#8243; shift_y=&#8221;0&#8243; z_index=&#8221;0&#8243; uncode_shortcode_id=&#8221;143393&#8243; css=&#8221;.vc_custom_1703073297946{margin-top: 72px !important;}&#8221;][vc_column_inner column_width_percent=&#8221;100&#8243; position_vertical=&#8221;middle&#8221; gutter_size=&#8221;3&#8243; style=&#8221;dark&#8221; overlay_alpha=&#8221;50&#8243; shift_x=&#8221;0&#8243; shift_y=&#8221;0&#8243; shift_y_down=&#8221;0&#8243; z_index=&#8221;0&#8243; medium_width=&#8221;0&#8243; mobile_width=&#8221;0&#8243; width=&#8221;1\/3&#8243; uncode_shortcode_id=&#8221;135612&#8243;][uncode_list uncode_shortcode_id=&#8221;133310&#8243;]<\/p>\n<ol>\n<li>\u00d6stersj\u00f6kortet kopplas till \u00c5land Index.<\/li>\n<li>\u00c5land Index uppskattar milj\u00f6p\u00e5verkan f\u00f6r dina kortk\u00f6p p\u00e5 basis av k\u00f6pst\u00e4llets bransch.<\/li>\n<li>En uppskattning av ditt individuella koldioxidavtryck presenteras m\u00e5natligen p\u00e5 Internetkontoret och i Mobilbanken.<\/li>\n<li>Baserat p\u00e5 det uppskattade koldioxidavtrycket f\u00e5r du m\u00f6jlighet att st\u00f6da milj\u00f6projekt lokalt, globalt eller genom beteendef\u00f6r\u00e4ndring.<\/li>\n<\/ol>\n<p>[\/uncode_list][\/vc_column_inner][vc_column_inner column_width_percent=&#8221;100&#8243; position_vertical=&#8221;middle&#8221; gutter_size=&#8221;3&#8243; style=&#8221;dark&#8221; overlay_alpha=&#8221;50&#8243; shift_x=&#8221;0&#8243; shift_y=&#8221;0&#8243; shift_y_down=&#8221;0&#8243; z_index=&#8221;0&#8243; medium_width=&#8221;0&#8243; mobile_width=&#8221;0&#8243; width=&#8221;2\/3&#8243; uncode_shortcode_id=&#8221;192062&#8243;][vc_single_image media=&#8221;642&#8243; media_width_percent=&#8221;100&#8243; uncode_shortcode_id=&#8221;744649&#8243;][\/vc_column_inner][\/vc_row_inner][vc_button button_color=&#8221;color-124513&#8243; custom_typo=&#8221;yes&#8221; font_family=&#8221;font-555555&#8243; font_weight=&#8221;400&#8243; text_transform=&#8221;uppercase&#8221; letter_spacing=&#8221;fontspace-169670&#8243; border_width=&#8221;0&#8243; button_color_type=&#8221;uncode-palette&#8221; uncode_shortcode_id=&#8221;134925&#8243; link=&#8221;url:https%3A%2F%2Fwww.alandsbanken.fi%2Fitamerikortti|title:%C3%96stersj%C3%B6kortet|target:_blank|&#8221;]Blev du intresserad av \u00d6stersj\u00f6kortet? Skicka in din ans\u00f6kan![\/vc_button][\/vc_column][\/vc_row]<\/p>\n<\/div>","protected":false},"excerpt":{"rendered":"<p>\u00d6stersj\u00f6kortet \u00e4r ett betalkort f\u00f6r en renare \u00d6stersj\u00f6. \u00d6stersj\u00f6kortet \u00e4r v\u00e4rldens f\u00f6rsta kort tillverkat av milj\u00f6v\u00e4nligt material som \u00e4r kopplat till ett index f\u00f6r milj\u00f6p\u00e5verkan, \u00c5land Index.<\/p>\n","protected":false},"author":2,"featured_media":1009,"parent":0,"menu_order":0,"comment_status":"closed","ping_status":"closed","template":"","meta":{"footnotes":""},"class_list":["post-1129","page","type-page","status-publish","has-post-thumbnail","hentry"],"yoast_head":"<!-- This site is optimized with the Yoast SEO plugin v27.0 - https:\/\/yoast.com\/product\/yoast-seo-wordpress\/ -->\n<title>\u00d6stersj\u00f6kortet - \u00d6stersj\u00f6projektet<\/title>\n<meta name=\"robots\" content=\"index, follow, max-snippet:-1, max-image-preview:large, max-video-preview:-1\" \/>\n<link rel=\"canonical\" href=\"https:\/\/itameriprojekti.fi\/sv\/ostersjokortet\/\" \/>\n<meta property=\"og:locale\" content=\"sv_SE\" \/>\n<meta property=\"og:type\" content=\"article\" \/>\n<meta property=\"og:title\" content=\"\u00d6stersj\u00f6kortet - \u00d6stersj\u00f6projektet\" \/>\n<meta property=\"og:description\" content=\"\u00d6stersj\u00f6kortet \u00e4r ett betalkort f\u00f6r en renare \u00d6stersj\u00f6. \u00d6stersj\u00f6kortet \u00e4r v\u00e4rldens f\u00f6rsta kort tillverkat av milj\u00f6v\u00e4nligt material som \u00e4r kopplat till ett index f\u00f6r milj\u00f6p\u00e5verkan, \u00c5land Index.\" \/>\n<meta property=\"og:url\" content=\"https:\/\/itameriprojekti.fi\/sv\/ostersjokortet\/\" \/>\n<meta property=\"og:site_name\" content=\"\u00d6stersj\u00f6projektet\" \/>\n<meta property=\"article:modified_time\" content=\"2023-12-29T12:17:16+00:00\" \/>\n<meta property=\"og:image\" content=\"https:\/\/itameriprojekti.fi\/wp-content\/uploads\/2023\/11\/rahoitushaku.jpg\" \/>\n\t<meta property=\"og:image:width\" content=\"1920\" \/>\n\t<meta property=\"og:image:height\" content=\"1080\" \/>\n\t<meta property=\"og:image:type\" content=\"image\/jpeg\" \/>\n<meta name=\"twitter:card\" content=\"summary_large_image\" \/>\n<meta name=\"twitter:label1\" content=\"Ber\u00e4knad l\u00e4stid\" \/>\n\t<meta name=\"twitter:data1\" content=\"5 minuter\" \/>\n<script type=\"application\/ld+json\" class=\"yoast-schema-graph\">{\"@context\":\"https:\/\/schema.org\",\"@graph\":[{\"@type\":\"WebPage\",\"@id\":\"https:\/\/itameriprojekti.fi\/sv\/ostersjokortet\/\",\"url\":\"https:\/\/itameriprojekti.fi\/sv\/ostersjokortet\/\",\"name\":\"\u00d6stersj\u00f6kortet - \u00d6stersj\u00f6projektet\",\"isPartOf\":{\"@id\":\"https:\/\/itameriprojekti.fi\/sv\/#website\"},\"primaryImageOfPage\":{\"@id\":\"https:\/\/itameriprojekti.fi\/sv\/ostersjokortet\/#primaryimage\"},\"image\":{\"@id\":\"https:\/\/itameriprojekti.fi\/sv\/ostersjokortet\/#primaryimage\"},\"thumbnailUrl\":\"https:\/\/itameriprojekti.fi\/wp-content\/uploads\/2023\/11\/rahoitushaku.jpg\",\"datePublished\":\"2023-11-29T21:01:20+00:00\",\"dateModified\":\"2023-12-29T12:17:16+00:00\",\"breadcrumb\":{\"@id\":\"https:\/\/itameriprojekti.fi\/sv\/ostersjokortet\/#breadcrumb\"},\"inLanguage\":\"sv-SE\",\"potentialAction\":[{\"@type\":\"ReadAction\",\"target\":[\"https:\/\/itameriprojekti.fi\/sv\/ostersjokortet\/\"]}]},{\"@type\":\"ImageObject\",\"inLanguage\":\"sv-SE\",\"@id\":\"https:\/\/itameriprojekti.fi\/sv\/ostersjokortet\/#primaryimage\",\"url\":\"https:\/\/itameriprojekti.fi\/wp-content\/uploads\/2023\/11\/rahoitushaku.jpg\",\"contentUrl\":\"https:\/\/itameriprojekti.fi\/wp-content\/uploads\/2023\/11\/rahoitushaku.jpg\",\"width\":1920,\"height\":1080},{\"@type\":\"BreadcrumbList\",\"@id\":\"https:\/\/itameriprojekti.fi\/sv\/ostersjokortet\/#breadcrumb\",\"itemListElement\":[{\"@type\":\"ListItem\",\"position\":1,\"name\":\"Framsida\",\"item\":\"https:\/\/itameriprojekti.fi\/sv\/\"},{\"@type\":\"ListItem\",\"position\":2,\"name\":\"\u00d6stersj\u00f6kortet\"}]},{\"@type\":\"WebSite\",\"@id\":\"https:\/\/itameriprojekti.fi\/sv\/#website\",\"url\":\"https:\/\/itameriprojekti.fi\/sv\/\",\"name\":\"\u00d6stersj\u00f6projektet\",\"description\":\"\u00c5landsbankenin It\u00e4meriprojekti parantaa It\u00e4meren tilaa\",\"potentialAction\":[{\"@type\":\"SearchAction\",\"target\":{\"@type\":\"EntryPoint\",\"urlTemplate\":\"https:\/\/itameriprojekti.fi\/sv\/?s={search_term_string}\"},\"query-input\":{\"@type\":\"PropertyValueSpecification\",\"valueRequired\":true,\"valueName\":\"search_term_string\"}}],\"inLanguage\":\"sv-SE\"}]}<\/script>\n<!-- \/ Yoast SEO plugin. -->","yoast_head_json":{"title":"\u00d6stersj\u00f6kortet - \u00d6stersj\u00f6projektet","robots":{"index":"index","follow":"follow","max-snippet":"max-snippet:-1","max-image-preview":"max-image-preview:large","max-video-preview":"max-video-preview:-1"},"canonical":"https:\/\/itameriprojekti.fi\/sv\/ostersjokortet\/","og_locale":"sv_SE","og_type":"article","og_title":"\u00d6stersj\u00f6kortet - \u00d6stersj\u00f6projektet","og_description":"\u00d6stersj\u00f6kortet \u00e4r ett betalkort f\u00f6r en renare \u00d6stersj\u00f6. \u00d6stersj\u00f6kortet \u00e4r v\u00e4rldens f\u00f6rsta kort tillverkat av milj\u00f6v\u00e4nligt material som \u00e4r kopplat till ett index f\u00f6r milj\u00f6p\u00e5verkan, \u00c5land Index.","og_url":"https:\/\/itameriprojekti.fi\/sv\/ostersjokortet\/","og_site_name":"\u00d6stersj\u00f6projektet","article_modified_time":"2023-12-29T12:17:16+00:00","og_image":[{"width":1920,"height":1080,"url":"https:\/\/itameriprojekti.fi\/wp-content\/uploads\/2023\/11\/rahoitushaku.jpg","type":"image\/jpeg"}],"twitter_card":"summary_large_image","twitter_misc":{"Ber\u00e4knad l\u00e4stid":"5 minuter"},"schema":{"@context":"https:\/\/schema.org","@graph":[{"@type":"WebPage","@id":"https:\/\/itameriprojekti.fi\/sv\/ostersjokortet\/","url":"https:\/\/itameriprojekti.fi\/sv\/ostersjokortet\/","name":"\u00d6stersj\u00f6kortet - \u00d6stersj\u00f6projektet","isPartOf":{"@id":"https:\/\/itameriprojekti.fi\/sv\/#website"},"primaryImageOfPage":{"@id":"https:\/\/itameriprojekti.fi\/sv\/ostersjokortet\/#primaryimage"},"image":{"@id":"https:\/\/itameriprojekti.fi\/sv\/ostersjokortet\/#primaryimage"},"thumbnailUrl":"https:\/\/itameriprojekti.fi\/wp-content\/uploads\/2023\/11\/rahoitushaku.jpg","datePublished":"2023-11-29T21:01:20+00:00","dateModified":"2023-12-29T12:17:16+00:00","breadcrumb":{"@id":"https:\/\/itameriprojekti.fi\/sv\/ostersjokortet\/#breadcrumb"},"inLanguage":"sv-SE","potentialAction":[{"@type":"ReadAction","target":["https:\/\/itameriprojekti.fi\/sv\/ostersjokortet\/"]}]},{"@type":"ImageObject","inLanguage":"sv-SE","@id":"https:\/\/itameriprojekti.fi\/sv\/ostersjokortet\/#primaryimage","url":"https:\/\/itameriprojekti.fi\/wp-content\/uploads\/2023\/11\/rahoitushaku.jpg","contentUrl":"https:\/\/itameriprojekti.fi\/wp-content\/uploads\/2023\/11\/rahoitushaku.jpg","width":1920,"height":1080},{"@type":"BreadcrumbList","@id":"https:\/\/itameriprojekti.fi\/sv\/ostersjokortet\/#breadcrumb","itemListElement":[{"@type":"ListItem","position":1,"name":"Framsida","item":"https:\/\/itameriprojekti.fi\/sv\/"},{"@type":"ListItem","position":2,"name":"\u00d6stersj\u00f6kortet"}]},{"@type":"WebSite","@id":"https:\/\/itameriprojekti.fi\/sv\/#website","url":"https:\/\/itameriprojekti.fi\/sv\/","name":"\u00d6stersj\u00f6projektet","description":"\u00c5landsbankenin It\u00e4meriprojekti parantaa It\u00e4meren tilaa","potentialAction":[{"@type":"SearchAction","target":{"@type":"EntryPoint","urlTemplate":"https:\/\/itameriprojekti.fi\/sv\/?s={search_term_string}"},"query-input":{"@type":"PropertyValueSpecification","valueRequired":true,"valueName":"search_term_string"}}],"inLanguage":"sv-SE"}]}},"_links":{"self":[{"href":"https:\/\/itameriprojekti.fi\/sv\/wp-json\/wp\/v2\/pages\/1129","targetHints":{"allow":["GET"]}}],"collection":[{"href":"https:\/\/itameriprojekti.fi\/sv\/wp-json\/wp\/v2\/pages"}],"about":[{"href":"https:\/\/itameriprojekti.fi\/sv\/wp-json\/wp\/v2\/types\/page"}],"author":[{"embeddable":true,"href":"https:\/\/itameriprojekti.fi\/sv\/wp-json\/wp\/v2\/users\/2"}],"replies":[{"embeddable":true,"href":"https:\/\/itameriprojekti.fi\/sv\/wp-json\/wp\/v2\/comments?post=1129"}],"version-history":[{"count":9,"href":"https:\/\/itameriprojekti.fi\/sv\/wp-json\/wp\/v2\/pages\/1129\/revisions"}],"predecessor-version":[{"id":1549,"href":"https:\/\/itameriprojekti.fi\/sv\/wp-json\/wp\/v2\/pages\/1129\/revisions\/1549"}],"wp:featuredmedia":[{"embeddable":true,"href":"https:\/\/itameriprojekti.fi\/sv\/wp-json\/wp\/v2\/media\/1009"}],"wp:attachment":[{"href":"https:\/\/itameriprojekti.fi\/sv\/wp-json\/wp\/v2\/media?parent=1129"}],"curies":[{"name":"wp","href":"https:\/\/api.w.org\/{rel}","templated":true}]}}