{"id":1153,"date":"2023-12-21T12:30:41","date_gmt":"2023-12-21T10:30:41","guid":{"rendered":"https:\/\/itameriprojekti.fi\/ansok-om-finansiering\/lokala-vattenskyddsprojekt\/"},"modified":"2024-12-30T15:24:15","modified_gmt":"2024-12-30T13:24:15","slug":"lokala-vattenskyddsprojekt","status":"publish","type":"page","link":"https:\/\/itameriprojekti.fi\/sv\/ansok-om-finansiering\/lokala-vattenskyddsprojekt\/","title":{"rendered":"M\u00e5ngfald"},"content":{"rendered":"<div class=\"wpb-content-wrapper\"><p>[vc_row unlock_row_content=&#8221;yes&#8221; row_height_percent=&#8221;100&#8243; override_padding=&#8221;yes&#8221; h_padding=&#8221;2&#8243; top_padding=&#8221;5&#8243; bottom_padding=&#8221;5&#8243; overlay_alpha=&#8221;50&#8243; gutter_size=&#8221;3&#8243; column_width_percent=&#8221;100&#8243; shift_y=&#8221;0&#8243; z_index=&#8221;0&#8243; uncode_shortcode_id=&#8221;128429&#8243;][vc_column column_width_percent=&#8221;100&#8243; align_horizontal=&#8221;align_center&#8221; gutter_size=&#8221;3&#8243; style=&#8221;dark&#8221; overlay_alpha=&#8221;50&#8243; shift_x=&#8221;0&#8243; shift_y=&#8221;0&#8243; shift_y_down=&#8221;0&#8243; z_index=&#8221;0&#8243; medium_width=&#8221;0&#8243; mobile_width=&#8221;0&#8243; css_animation=&#8221;alpha-anim&#8221; parallax_intensity=&#8221;3&#8243; parallax_centered=&#8221;yes&#8221; width=&#8221;1\/1&#8243; uncode_shortcode_id=&#8221;528261&#8243;][vc_custom_heading text_size=&#8221;h4&#8243; text_height=&#8221;fontheight-136400&#8243; uncode_shortcode_id=&#8221;782713&#8243;]Finansieringskategorier[\/vc_custom_heading][vc_custom_heading heading_semantic=&#8221;h1&#8243; text_size=&#8221;fontsize-726551&#8243; text_height=&#8221;fontheight-136400&#8243; uncode_shortcode_id=&#8221;197594&#8243;]M\u00e5ngfald[\/vc_custom_heading][vc_row_inner][vc_column_inner column_width_use_pixel=&#8221;yes&#8221; align_horizontal=&#8221;align_center&#8221; gutter_size=&#8221;3&#8243; style=&#8221;dark&#8221; overlay_alpha=&#8221;50&#8243; shift_x=&#8221;0&#8243; shift_y=&#8221;0&#8243; shift_y_down=&#8221;0&#8243; z_index=&#8221;0&#8243; medium_width=&#8221;0&#8243; mobile_width=&#8221;0&#8243; width=&#8221;1\/1&#8243; uncode_shortcode_id=&#8221;482211&#8243; column_width_pixel=&#8221;900&#8243;][vc_column_text uncode_shortcode_id=&#8221;208486&#8243; el_class=&#8221;extraShadow&#8221;]I kategorin M\u00e5ngfald finansierar vi projekt som fr\u00e4mjar biologisk m\u00e5ngfald i \u00d6stersj\u00f6n och motverkar f\u00f6rlusten av naturv\u00e4rden. Denna kategori omfattar bland annat restaurerings- och bevarandeprojekt samt projekt som syftar till milj\u00f6v\u00e4nligt jordbruk. \u00c4ven teknologier som st\u00f6der biologisk m\u00e5ngfald \u00e4r v\u00e4lkomna.[\/vc_column_text][\/vc_column_inner][\/vc_row_inner][vc_button button_color=&#8221;color-124513&#8243; size=&#8221;btn-lg&#8221; border_width=&#8221;0&#8243; link=&#8221;url:https%3A%2F%2Fitameriprojekti.fi%2Fsv%2Fansok-om-finansiering%2Ffinansieringsansokan%2F|title:Ans%C3%B6k%20om%20finansiering|&#8221; button_color_type=&#8221;uncode-palette&#8221; uncode_shortcode_id=&#8221;349930&#8243;]Ans\u00f6k om finansiering[\/vc_button][\/vc_column][\/vc_row][vc_row][vc_column width=&#8221;1\/1&#8243;][uncode_block id=&#8221;676&#8243;][\/vc_column][\/vc_row][vc_row][vc_column width=&#8221;1\/1&#8243;][uncode_block id=&#8221;673&#8243;][\/vc_column][\/vc_row]<\/p>\n<\/div>","protected":false},"excerpt":{"rendered":"<p>I kategorin M\u00e5ngfald finansierar vi projekt som fr\u00e4mjar biologisk m\u00e5ngfald i \u00d6stersj\u00f6n och motverkar f\u00f6rlusten av naturv\u00e4rden. Denna kategori omfattar bland annat restaurerings- och bevarandeprojekt samt projekt som syftar till milj\u00f6v\u00e4nligt jordbruk. \u00c4ven teknologier som st\u00f6der biologisk m\u00e5ngfald \u00e4r v\u00e4lkomna.   <\/p>\n","protected":false},"author":2,"featured_media":1043,"parent":1117,"menu_order":2,"comment_status":"closed","ping_status":"closed","template":"","meta":{"footnotes":""},"class_list":["post-1153","page","type-page","status-publish","has-post-thumbnail","hentry","page_category-finansieringskategorier"],"yoast_head":"<!-- This site is optimized with the Yoast SEO plugin v27.0 - https:\/\/yoast.com\/product\/yoast-seo-wordpress\/ -->\n<title>M\u00e5ngfald - \u00d6stersj\u00f6projektet<\/title>\n<meta name=\"robots\" content=\"index, follow, max-snippet:-1, max-image-preview:large, max-video-preview:-1\" \/>\n<link rel=\"canonical\" href=\"https:\/\/itameriprojekti.fi\/sv\/ansok-om-finansiering\/lokala-vattenskyddsprojekt\/\" \/>\n<meta property=\"og:locale\" content=\"sv_SE\" \/>\n<meta property=\"og:type\" content=\"article\" \/>\n<meta property=\"og:title\" content=\"M\u00e5ngfald - \u00d6stersj\u00f6projektet\" \/>\n<meta property=\"og:description\" content=\"I kategorin M\u00e5ngfald finansierar vi projekt som fr\u00e4mjar biologisk m\u00e5ngfald i \u00d6stersj\u00f6n och motverkar f\u00f6rlusten av naturv\u00e4rden. Denna kategori omfattar bland annat restaurerings- och bevarandeprojekt samt projekt som syftar till milj\u00f6v\u00e4nligt jordbruk. \u00c4ven teknologier som st\u00f6der biologisk m\u00e5ngfald \u00e4r v\u00e4lkomna.\" \/>\n<meta property=\"og:url\" content=\"https:\/\/itameriprojekti.fi\/sv\/ansok-om-finansiering\/lokala-vattenskyddsprojekt\/\" \/>\n<meta property=\"og:site_name\" content=\"\u00d6stersj\u00f6projektet\" \/>\n<meta property=\"article:modified_time\" content=\"2024-12-30T13:24:15+00:00\" \/>\n<meta property=\"og:image\" content=\"https:\/\/itameriprojekti.fi\/wp-content\/uploads\/2023\/12\/pexels-daniel-torobekov-5410873_filter-1-scaled.jpg\" \/>\n\t<meta property=\"og:image:width\" content=\"1429\" \/>\n\t<meta property=\"og:image:height\" content=\"2560\" \/>\n\t<meta property=\"og:image:type\" content=\"image\/jpeg\" \/>\n<meta name=\"twitter:card\" content=\"summary_large_image\" \/>\n<meta name=\"twitter:label1\" content=\"Ber\u00e4knad l\u00e4stid\" \/>\n\t<meta name=\"twitter:data1\" content=\"1 minut\" \/>\n<script type=\"application\/ld+json\" class=\"yoast-schema-graph\">{\"@context\":\"https:\/\/schema.org\",\"@graph\":[{\"@type\":\"WebPage\",\"@id\":\"https:\/\/itameriprojekti.fi\/sv\/ansok-om-finansiering\/lokala-vattenskyddsprojekt\/\",\"url\":\"https:\/\/itameriprojekti.fi\/sv\/ansok-om-finansiering\/lokala-vattenskyddsprojekt\/\",\"name\":\"M\u00e5ngfald - \u00d6stersj\u00f6projektet\",\"isPartOf\":{\"@id\":\"https:\/\/itameriprojekti.fi\/sv\/#website\"},\"primaryImageOfPage\":{\"@id\":\"https:\/\/itameriprojekti.fi\/sv\/ansok-om-finansiering\/lokala-vattenskyddsprojekt\/#primaryimage\"},\"image\":{\"@id\":\"https:\/\/itameriprojekti.fi\/sv\/ansok-om-finansiering\/lokala-vattenskyddsprojekt\/#primaryimage\"},\"thumbnailUrl\":\"https:\/\/itameriprojekti.fi\/wp-content\/uploads\/2023\/12\/pexels-daniel-torobekov-5410873_filter-1-scaled.jpg\",\"datePublished\":\"2023-12-21T10:30:41+00:00\",\"dateModified\":\"2024-12-30T13:24:15+00:00\",\"breadcrumb\":{\"@id\":\"https:\/\/itameriprojekti.fi\/sv\/ansok-om-finansiering\/lokala-vattenskyddsprojekt\/#breadcrumb\"},\"inLanguage\":\"sv-SE\",\"potentialAction\":[{\"@type\":\"ReadAction\",\"target\":[\"https:\/\/itameriprojekti.fi\/sv\/ansok-om-finansiering\/lokala-vattenskyddsprojekt\/\"]}]},{\"@type\":\"ImageObject\",\"inLanguage\":\"sv-SE\",\"@id\":\"https:\/\/itameriprojekti.fi\/sv\/ansok-om-finansiering\/lokala-vattenskyddsprojekt\/#primaryimage\",\"url\":\"https:\/\/itameriprojekti.fi\/wp-content\/uploads\/2023\/12\/pexels-daniel-torobekov-5410873_filter-1-scaled.jpg\",\"contentUrl\":\"https:\/\/itameriprojekti.fi\/wp-content\/uploads\/2023\/12\/pexels-daniel-torobekov-5410873_filter-1-scaled.jpg\",\"width\":1429,\"height\":2560},{\"@type\":\"BreadcrumbList\",\"@id\":\"https:\/\/itameriprojekti.fi\/sv\/ansok-om-finansiering\/lokala-vattenskyddsprojekt\/#breadcrumb\",\"itemListElement\":[{\"@type\":\"ListItem\",\"position\":1,\"name\":\"Framsida\",\"item\":\"https:\/\/itameriprojekti.fi\/sv\/\"},{\"@type\":\"ListItem\",\"position\":2,\"name\":\"Ans\u00f6k om finansiering\",\"item\":\"https:\/\/itameriprojekti.fi\/sv\/ansok-om-finansiering\/\"},{\"@type\":\"ListItem\",\"position\":3,\"name\":\"M\u00e5ngfald\"}]},{\"@type\":\"WebSite\",\"@id\":\"https:\/\/itameriprojekti.fi\/sv\/#website\",\"url\":\"https:\/\/itameriprojekti.fi\/sv\/\",\"name\":\"\u00d6stersj\u00f6projektet\",\"description\":\"\u00c5landsbankenin It\u00e4meriprojekti parantaa It\u00e4meren tilaa\",\"potentialAction\":[{\"@type\":\"SearchAction\",\"target\":{\"@type\":\"EntryPoint\",\"urlTemplate\":\"https:\/\/itameriprojekti.fi\/sv\/?s={search_term_string}\"},\"query-input\":{\"@type\":\"PropertyValueSpecification\",\"valueRequired\":true,\"valueName\":\"search_term_string\"}}],\"inLanguage\":\"sv-SE\"}]}<\/script>\n<!-- \/ Yoast SEO plugin. -->","yoast_head_json":{"title":"M\u00e5ngfald - \u00d6stersj\u00f6projektet","robots":{"index":"index","follow":"follow","max-snippet":"max-snippet:-1","max-image-preview":"max-image-preview:large","max-video-preview":"max-video-preview:-1"},"canonical":"https:\/\/itameriprojekti.fi\/sv\/ansok-om-finansiering\/lokala-vattenskyddsprojekt\/","og_locale":"sv_SE","og_type":"article","og_title":"M\u00e5ngfald - \u00d6stersj\u00f6projektet","og_description":"I kategorin M\u00e5ngfald finansierar vi projekt som fr\u00e4mjar biologisk m\u00e5ngfald i \u00d6stersj\u00f6n och motverkar f\u00f6rlusten av naturv\u00e4rden. Denna kategori omfattar bland annat restaurerings- och bevarandeprojekt samt projekt som syftar till milj\u00f6v\u00e4nligt jordbruk. \u00c4ven teknologier som st\u00f6der biologisk m\u00e5ngfald \u00e4r v\u00e4lkomna.","og_url":"https:\/\/itameriprojekti.fi\/sv\/ansok-om-finansiering\/lokala-vattenskyddsprojekt\/","og_site_name":"\u00d6stersj\u00f6projektet","article_modified_time":"2024-12-30T13:24:15+00:00","og_image":[{"width":1429,"height":2560,"url":"https:\/\/itameriprojekti.fi\/wp-content\/uploads\/2023\/12\/pexels-daniel-torobekov-5410873_filter-1-scaled.jpg","type":"image\/jpeg"}],"twitter_card":"summary_large_image","twitter_misc":{"Ber\u00e4knad l\u00e4stid":"1 minut"},"schema":{"@context":"https:\/\/schema.org","@graph":[{"@type":"WebPage","@id":"https:\/\/itameriprojekti.fi\/sv\/ansok-om-finansiering\/lokala-vattenskyddsprojekt\/","url":"https:\/\/itameriprojekti.fi\/sv\/ansok-om-finansiering\/lokala-vattenskyddsprojekt\/","name":"M\u00e5ngfald - \u00d6stersj\u00f6projektet","isPartOf":{"@id":"https:\/\/itameriprojekti.fi\/sv\/#website"},"primaryImageOfPage":{"@id":"https:\/\/itameriprojekti.fi\/sv\/ansok-om-finansiering\/lokala-vattenskyddsprojekt\/#primaryimage"},"image":{"@id":"https:\/\/itameriprojekti.fi\/sv\/ansok-om-finansiering\/lokala-vattenskyddsprojekt\/#primaryimage"},"thumbnailUrl":"https:\/\/itameriprojekti.fi\/wp-content\/uploads\/2023\/12\/pexels-daniel-torobekov-5410873_filter-1-scaled.jpg","datePublished":"2023-12-21T10:30:41+00:00","dateModified":"2024-12-30T13:24:15+00:00","breadcrumb":{"@id":"https:\/\/itameriprojekti.fi\/sv\/ansok-om-finansiering\/lokala-vattenskyddsprojekt\/#breadcrumb"},"inLanguage":"sv-SE","potentialAction":[{"@type":"ReadAction","target":["https:\/\/itameriprojekti.fi\/sv\/ansok-om-finansiering\/lokala-vattenskyddsprojekt\/"]}]},{"@type":"ImageObject","inLanguage":"sv-SE","@id":"https:\/\/itameriprojekti.fi\/sv\/ansok-om-finansiering\/lokala-vattenskyddsprojekt\/#primaryimage","url":"https:\/\/itameriprojekti.fi\/wp-content\/uploads\/2023\/12\/pexels-daniel-torobekov-5410873_filter-1-scaled.jpg","contentUrl":"https:\/\/itameriprojekti.fi\/wp-content\/uploads\/2023\/12\/pexels-daniel-torobekov-5410873_filter-1-scaled.jpg","width":1429,"height":2560},{"@type":"BreadcrumbList","@id":"https:\/\/itameriprojekti.fi\/sv\/ansok-om-finansiering\/lokala-vattenskyddsprojekt\/#breadcrumb","itemListElement":[{"@type":"ListItem","position":1,"name":"Framsida","item":"https:\/\/itameriprojekti.fi\/sv\/"},{"@type":"ListItem","position":2,"name":"Ans\u00f6k om finansiering","item":"https:\/\/itameriprojekti.fi\/sv\/ansok-om-finansiering\/"},{"@type":"ListItem","position":3,"name":"M\u00e5ngfald"}]},{"@type":"WebSite","@id":"https:\/\/itameriprojekti.fi\/sv\/#website","url":"https:\/\/itameriprojekti.fi\/sv\/","name":"\u00d6stersj\u00f6projektet","description":"\u00c5landsbankenin It\u00e4meriprojekti parantaa It\u00e4meren tilaa","potentialAction":[{"@type":"SearchAction","target":{"@type":"EntryPoint","urlTemplate":"https:\/\/itameriprojekti.fi\/sv\/?s={search_term_string}"},"query-input":{"@type":"PropertyValueSpecification","valueRequired":true,"valueName":"search_term_string"}}],"inLanguage":"sv-SE"}]}},"_links":{"self":[{"href":"https:\/\/itameriprojekti.fi\/sv\/wp-json\/wp\/v2\/pages\/1153","targetHints":{"allow":["GET"]}}],"collection":[{"href":"https:\/\/itameriprojekti.fi\/sv\/wp-json\/wp\/v2\/pages"}],"about":[{"href":"https:\/\/itameriprojekti.fi\/sv\/wp-json\/wp\/v2\/types\/page"}],"author":[{"embeddable":true,"href":"https:\/\/itameriprojekti.fi\/sv\/wp-json\/wp\/v2\/users\/2"}],"replies":[{"embeddable":true,"href":"https:\/\/itameriprojekti.fi\/sv\/wp-json\/wp\/v2\/comments?post=1153"}],"version-history":[{"count":11,"href":"https:\/\/itameriprojekti.fi\/sv\/wp-json\/wp\/v2\/pages\/1153\/revisions"}],"predecessor-version":[{"id":2019,"href":"https:\/\/itameriprojekti.fi\/sv\/wp-json\/wp\/v2\/pages\/1153\/revisions\/2019"}],"up":[{"embeddable":true,"href":"https:\/\/itameriprojekti.fi\/sv\/wp-json\/wp\/v2\/pages\/1117"}],"wp:featuredmedia":[{"embeddable":true,"href":"https:\/\/itameriprojekti.fi\/sv\/wp-json\/wp\/v2\/media\/1043"}],"wp:attachment":[{"href":"https:\/\/itameriprojekti.fi\/sv\/wp-json\/wp\/v2\/media?parent=1153"}],"curies":[{"name":"wp","href":"https:\/\/api.w.org\/{rel}","templated":true}]}}