{"id":1177,"date":"2023-12-21T12:01:28","date_gmt":"2023-12-21T10:01:28","guid":{"rendered":"https:\/\/itameriprojekti.fi\/ansok-om-finansiering\/finansieringsansokan\/"},"modified":"2026-03-02T09:50:59","modified_gmt":"2026-03-02T07:50:59","slug":"finansieringsansokan","status":"publish","type":"page","link":"https:\/\/itameriprojekti.fi\/sv\/ansok-om-finansiering\/finansieringsansokan\/","title":{"rendered":"Finansieringsans\u00f6kan"},"content":{"rendered":"<div class=\"wpb-content-wrapper\"><p>[vc_row unlock_row_content=&#8221;yes&#8221; row_height_percent=&#8221;50&#8243; override_padding=&#8221;yes&#8221; h_padding=&#8221;2&#8243; top_padding=&#8221;7&#8243; bottom_padding=&#8221;7&#8243; back_image=&#8221;602&#8243; parallax=&#8221;yes&#8221; overlay_color=&#8221;color-205984&#8243; overlay_alpha=&#8221;80&#8243; gutter_size=&#8221;3&#8243; column_width_percent=&#8221;100&#8243; shift_y=&#8221;0&#8243; z_index=&#8221;0&#8243; uncode_shortcode_id=&#8221;134714&#8243; overlay_color_type=&#8221;uncode-palette&#8221;][vc_column column_width_percent=&#8221;100&#8243; position_vertical=&#8221;middle&#8221; align_horizontal=&#8221;align_center&#8221; gutter_size=&#8221;3&#8243; style=&#8221;dark&#8221; overlay_alpha=&#8221;50&#8243; shift_x=&#8221;0&#8243; shift_y=&#8221;0&#8243; shift_y_down=&#8221;0&#8243; z_index=&#8221;0&#8243; medium_width=&#8221;0&#8243; mobile_width=&#8221;0&#8243; parallax_intensity=&#8221;3&#8243; parallax_centered=&#8221;yes&#8221; width=&#8221;1\/1&#8243; uncode_shortcode_id=&#8221;262118&#8243;][vc_empty_space empty_h=&#8221;5&#8243;][vc_column_text uncode_shortcode_id=&#8221;459980&#8243;]<\/p>\n<h2>Finansieringsans\u00f6kan f\u00f6r \u00d6stersj\u00f6projektet har avslutats.<\/h2>\n<p>Vi informerar om mottagarna av finansiering vid ett senare tillf\u00e4lle. Tack till alla s\u00f6kande![\/vc_column_text][\/vc_column][\/vc_row][vc_row unlock_row_content=&#8221;yes&#8221; row_height_percent=&#8221;0&#8243; override_padding=&#8221;yes&#8221; h_padding=&#8221;2&#8243; top_padding=&#8221;3&#8243; bottom_padding=&#8221;3&#8243; back_color=&#8221;color-xsdn&#8221; overlay_alpha=&#8221;50&#8243; gutter_size=&#8221;3&#8243; column_width_percent=&#8221;100&#8243; shift_y=&#8221;0&#8243; z_index=&#8221;0&#8243; uncode_shortcode_id=&#8221;146781&#8243; back_color_type=&#8221;uncode-palette&#8221;][vc_column column_width_percent=&#8221;90&#8243; align_horizontal=&#8221;align_center&#8221; gutter_size=&#8221;3&#8243; overlay_alpha=&#8221;50&#8243; shift_x=&#8221;0&#8243; shift_y=&#8221;0&#8243; shift_y_down=&#8221;0&#8243; z_index=&#8221;0&#8243; medium_width=&#8221;0&#8243; mobile_width=&#8221;0&#8243; width=&#8221;1\/1&#8243;][vc_custom_heading text_height=&#8221;fontheight-136400&#8243; uncode_shortcode_id=&#8221;148335&#8243; subheading=&#8221;\u00c5r 2025 utdelades sammanlagt 550 000 euro i finansiering.&#8221;]Mottagare av finansiering[\/vc_custom_heading][uncode_index el_id=&#8221;index-15588655905&#8243; index_type=&#8221;carousel&#8221; loop=&#8221;size:6|order_by:date|post_type:post|categories:7|taxonomy_count:10&#8243; carousel_lg=&#8221;3&#8243; carousel_md=&#8221;3&#8243; carousel_sm=&#8221;1&#8243; thumb_size=&#8221;sixteen-nine&#8221; gutter_size=&#8221;3&#8243; post_items=&#8221;media|featured|onpost|poster,category|colorbg|topright|display-icon,date,title,text|excerpt|84&#8243; page_items=&#8221;title,media,text,category&#8221; product_items=&#8221;title,media,text,category,price&#8221; portfolio_items=&#8221;title,media,text,category&#8221; carousel_interval=&#8221;10000&#8243; carousel_navspeed=&#8221;400&#8243; carousel_loop=&#8221;yes&#8221; carousel_dots=&#8221;yes&#8221; carousel_dots_mobile=&#8221;yes&#8221; stage_padding=&#8221;0&#8243; single_back_color=&#8221;color-xsdn&#8221; single_overlay_opacity=&#8221;50&#8243; single_overlay_anim=&#8221;no&#8221; single_text_visible=&#8221;yes&#8221; single_text_anim=&#8221;no&#8221; single_padding=&#8221;0&#8243; single_title_dimension=&#8221;h4&#8243; single_text_lead=&#8221;small&#8221; single_border=&#8221;yes&#8221; single_css_animation=&#8221;bottom-t-top&#8221; single_animation_delay=&#8221;200&#8243; no_double_tap=&#8221;yes&#8221; rahoituksen_saajat_items=&#8221;media|featured|onpost|original,title,text|excerpt|200&#8243; single_half_padding=&#8221;&#8221; single_title_bold=&#8221;yes&#8221; single_title_serif=&#8221;&#8221; single_title_divider=&#8221;&#8221; single_no_background=&#8221;&#8221; items=&#8221;e30=&#8221; footer_position=&#8221;left&#8221; carousel_rtl=&#8221;&#8221; single_icon=&#8221;fa fa-plus2&#8243; filtering_transform=&#8221;uppercase&#8221; uncode_shortcode_id=&#8221;944703&#8243;][vc_button button_color=&#8221;color-943707&#8243; custom_typo=&#8221;yes&#8221; font_family=&#8221;font-555555&#8243; font_weight=&#8221;400&#8243; text_transform=&#8221;uppercase&#8221; letter_spacing=&#8221;fontspace-169670&#8243; border_width=&#8221;0&#8243; button_color_type=&#8221;uncode-palette&#8221; uncode_shortcode_id=&#8221;596908&#8243;]\u00d6stersj\u00f6projektet mottagare av finansiering[\/vc_button][\/vc_column][\/vc_row]<\/p>\n<\/div>","protected":false},"excerpt":{"rendered":"<p>\u00d6stersj\u00f6projektets ans\u00f6kningsperiod har avslutats.<\/p>\n","protected":false},"author":2,"featured_media":1043,"parent":1117,"menu_order":6,"comment_status":"closed","ping_status":"closed","template":"","meta":{"footnotes":""},"class_list":["post-1177","page","type-page","status-publish","has-post-thumbnail","hentry","page_category-finansieringskategorier"],"yoast_head":"<!-- This site is optimized with the Yoast SEO plugin v27.0 - https:\/\/yoast.com\/product\/yoast-seo-wordpress\/ -->\n<title>Finansieringsans\u00f6kan - \u00d6stersj\u00f6projektet<\/title>\n<meta name=\"robots\" content=\"index, follow, max-snippet:-1, max-image-preview:large, max-video-preview:-1\" \/>\n<link rel=\"canonical\" href=\"https:\/\/itameriprojekti.fi\/sv\/ansok-om-finansiering\/finansieringsansokan\/\" \/>\n<meta property=\"og:locale\" content=\"sv_SE\" \/>\n<meta property=\"og:type\" content=\"article\" \/>\n<meta property=\"og:title\" content=\"Finansieringsans\u00f6kan - \u00d6stersj\u00f6projektet\" \/>\n<meta property=\"og:description\" content=\"\u00d6stersj\u00f6projektets ans\u00f6kningsperiod har avslutats.\" \/>\n<meta property=\"og:url\" content=\"https:\/\/itameriprojekti.fi\/sv\/ansok-om-finansiering\/finansieringsansokan\/\" \/>\n<meta property=\"og:site_name\" content=\"\u00d6stersj\u00f6projektet\" \/>\n<meta property=\"article:modified_time\" content=\"2026-03-02T07:50:59+00:00\" \/>\n<meta property=\"og:image\" content=\"https:\/\/itameriprojekti.fi\/wp-content\/uploads\/2023\/12\/pexels-daniel-torobekov-5410873_filter-1-scaled.jpg\" \/>\n\t<meta property=\"og:image:width\" content=\"1429\" \/>\n\t<meta property=\"og:image:height\" content=\"2560\" \/>\n\t<meta property=\"og:image:type\" content=\"image\/jpeg\" \/>\n<meta name=\"twitter:card\" content=\"summary_large_image\" \/>\n<meta name=\"twitter:label1\" content=\"Ber\u00e4knad l\u00e4stid\" \/>\n\t<meta name=\"twitter:data1\" content=\"2 minuter\" \/>\n<script type=\"application\/ld+json\" class=\"yoast-schema-graph\">{\"@context\":\"https:\/\/schema.org\",\"@graph\":[{\"@type\":\"WebPage\",\"@id\":\"https:\/\/itameriprojekti.fi\/sv\/ansok-om-finansiering\/finansieringsansokan\/\",\"url\":\"https:\/\/itameriprojekti.fi\/sv\/ansok-om-finansiering\/finansieringsansokan\/\",\"name\":\"Finansieringsans\u00f6kan - \u00d6stersj\u00f6projektet\",\"isPartOf\":{\"@id\":\"https:\/\/itameriprojekti.fi\/sv\/#website\"},\"primaryImageOfPage\":{\"@id\":\"https:\/\/itameriprojekti.fi\/sv\/ansok-om-finansiering\/finansieringsansokan\/#primaryimage\"},\"image\":{\"@id\":\"https:\/\/itameriprojekti.fi\/sv\/ansok-om-finansiering\/finansieringsansokan\/#primaryimage\"},\"thumbnailUrl\":\"https:\/\/itameriprojekti.fi\/wp-content\/uploads\/2023\/12\/pexels-daniel-torobekov-5410873_filter-1-scaled.jpg\",\"datePublished\":\"2023-12-21T10:01:28+00:00\",\"dateModified\":\"2026-03-02T07:50:59+00:00\",\"breadcrumb\":{\"@id\":\"https:\/\/itameriprojekti.fi\/sv\/ansok-om-finansiering\/finansieringsansokan\/#breadcrumb\"},\"inLanguage\":\"sv-SE\",\"potentialAction\":[{\"@type\":\"ReadAction\",\"target\":[\"https:\/\/itameriprojekti.fi\/sv\/ansok-om-finansiering\/finansieringsansokan\/\"]}]},{\"@type\":\"ImageObject\",\"inLanguage\":\"sv-SE\",\"@id\":\"https:\/\/itameriprojekti.fi\/sv\/ansok-om-finansiering\/finansieringsansokan\/#primaryimage\",\"url\":\"https:\/\/itameriprojekti.fi\/wp-content\/uploads\/2023\/12\/pexels-daniel-torobekov-5410873_filter-1-scaled.jpg\",\"contentUrl\":\"https:\/\/itameriprojekti.fi\/wp-content\/uploads\/2023\/12\/pexels-daniel-torobekov-5410873_filter-1-scaled.jpg\",\"width\":1429,\"height\":2560},{\"@type\":\"BreadcrumbList\",\"@id\":\"https:\/\/itameriprojekti.fi\/sv\/ansok-om-finansiering\/finansieringsansokan\/#breadcrumb\",\"itemListElement\":[{\"@type\":\"ListItem\",\"position\":1,\"name\":\"Framsida\",\"item\":\"https:\/\/itameriprojekti.fi\/sv\/\"},{\"@type\":\"ListItem\",\"position\":2,\"name\":\"Ans\u00f6k om finansiering\",\"item\":\"https:\/\/itameriprojekti.fi\/sv\/ansok-om-finansiering\/\"},{\"@type\":\"ListItem\",\"position\":3,\"name\":\"Finansieringsans\u00f6kan\"}]},{\"@type\":\"WebSite\",\"@id\":\"https:\/\/itameriprojekti.fi\/sv\/#website\",\"url\":\"https:\/\/itameriprojekti.fi\/sv\/\",\"name\":\"\u00d6stersj\u00f6projektet\",\"description\":\"\u00c5landsbankenin It\u00e4meriprojekti parantaa It\u00e4meren tilaa\",\"potentialAction\":[{\"@type\":\"SearchAction\",\"target\":{\"@type\":\"EntryPoint\",\"urlTemplate\":\"https:\/\/itameriprojekti.fi\/sv\/?s={search_term_string}\"},\"query-input\":{\"@type\":\"PropertyValueSpecification\",\"valueRequired\":true,\"valueName\":\"search_term_string\"}}],\"inLanguage\":\"sv-SE\"}]}<\/script>\n<!-- \/ Yoast SEO plugin. -->","yoast_head_json":{"title":"Finansieringsans\u00f6kan - \u00d6stersj\u00f6projektet","robots":{"index":"index","follow":"follow","max-snippet":"max-snippet:-1","max-image-preview":"max-image-preview:large","max-video-preview":"max-video-preview:-1"},"canonical":"https:\/\/itameriprojekti.fi\/sv\/ansok-om-finansiering\/finansieringsansokan\/","og_locale":"sv_SE","og_type":"article","og_title":"Finansieringsans\u00f6kan - \u00d6stersj\u00f6projektet","og_description":"\u00d6stersj\u00f6projektets ans\u00f6kningsperiod har avslutats.","og_url":"https:\/\/itameriprojekti.fi\/sv\/ansok-om-finansiering\/finansieringsansokan\/","og_site_name":"\u00d6stersj\u00f6projektet","article_modified_time":"2026-03-02T07:50:59+00:00","og_image":[{"width":1429,"height":2560,"url":"https:\/\/itameriprojekti.fi\/wp-content\/uploads\/2023\/12\/pexels-daniel-torobekov-5410873_filter-1-scaled.jpg","type":"image\/jpeg"}],"twitter_card":"summary_large_image","twitter_misc":{"Ber\u00e4knad l\u00e4stid":"2 minuter"},"schema":{"@context":"https:\/\/schema.org","@graph":[{"@type":"WebPage","@id":"https:\/\/itameriprojekti.fi\/sv\/ansok-om-finansiering\/finansieringsansokan\/","url":"https:\/\/itameriprojekti.fi\/sv\/ansok-om-finansiering\/finansieringsansokan\/","name":"Finansieringsans\u00f6kan - \u00d6stersj\u00f6projektet","isPartOf":{"@id":"https:\/\/itameriprojekti.fi\/sv\/#website"},"primaryImageOfPage":{"@id":"https:\/\/itameriprojekti.fi\/sv\/ansok-om-finansiering\/finansieringsansokan\/#primaryimage"},"image":{"@id":"https:\/\/itameriprojekti.fi\/sv\/ansok-om-finansiering\/finansieringsansokan\/#primaryimage"},"thumbnailUrl":"https:\/\/itameriprojekti.fi\/wp-content\/uploads\/2023\/12\/pexels-daniel-torobekov-5410873_filter-1-scaled.jpg","datePublished":"2023-12-21T10:01:28+00:00","dateModified":"2026-03-02T07:50:59+00:00","breadcrumb":{"@id":"https:\/\/itameriprojekti.fi\/sv\/ansok-om-finansiering\/finansieringsansokan\/#breadcrumb"},"inLanguage":"sv-SE","potentialAction":[{"@type":"ReadAction","target":["https:\/\/itameriprojekti.fi\/sv\/ansok-om-finansiering\/finansieringsansokan\/"]}]},{"@type":"ImageObject","inLanguage":"sv-SE","@id":"https:\/\/itameriprojekti.fi\/sv\/ansok-om-finansiering\/finansieringsansokan\/#primaryimage","url":"https:\/\/itameriprojekti.fi\/wp-content\/uploads\/2023\/12\/pexels-daniel-torobekov-5410873_filter-1-scaled.jpg","contentUrl":"https:\/\/itameriprojekti.fi\/wp-content\/uploads\/2023\/12\/pexels-daniel-torobekov-5410873_filter-1-scaled.jpg","width":1429,"height":2560},{"@type":"BreadcrumbList","@id":"https:\/\/itameriprojekti.fi\/sv\/ansok-om-finansiering\/finansieringsansokan\/#breadcrumb","itemListElement":[{"@type":"ListItem","position":1,"name":"Framsida","item":"https:\/\/itameriprojekti.fi\/sv\/"},{"@type":"ListItem","position":2,"name":"Ans\u00f6k om finansiering","item":"https:\/\/itameriprojekti.fi\/sv\/ansok-om-finansiering\/"},{"@type":"ListItem","position":3,"name":"Finansieringsans\u00f6kan"}]},{"@type":"WebSite","@id":"https:\/\/itameriprojekti.fi\/sv\/#website","url":"https:\/\/itameriprojekti.fi\/sv\/","name":"\u00d6stersj\u00f6projektet","description":"\u00c5landsbankenin It\u00e4meriprojekti parantaa It\u00e4meren tilaa","potentialAction":[{"@type":"SearchAction","target":{"@type":"EntryPoint","urlTemplate":"https:\/\/itameriprojekti.fi\/sv\/?s={search_term_string}"},"query-input":{"@type":"PropertyValueSpecification","valueRequired":true,"valueName":"search_term_string"}}],"inLanguage":"sv-SE"}]}},"_links":{"self":[{"href":"https:\/\/itameriprojekti.fi\/sv\/wp-json\/wp\/v2\/pages\/1177","targetHints":{"allow":["GET"]}}],"collection":[{"href":"https:\/\/itameriprojekti.fi\/sv\/wp-json\/wp\/v2\/pages"}],"about":[{"href":"https:\/\/itameriprojekti.fi\/sv\/wp-json\/wp\/v2\/types\/page"}],"author":[{"embeddable":true,"href":"https:\/\/itameriprojekti.fi\/sv\/wp-json\/wp\/v2\/users\/2"}],"replies":[{"embeddable":true,"href":"https:\/\/itameriprojekti.fi\/sv\/wp-json\/wp\/v2\/comments?post=1177"}],"version-history":[{"count":32,"href":"https:\/\/itameriprojekti.fi\/sv\/wp-json\/wp\/v2\/pages\/1177\/revisions"}],"predecessor-version":[{"id":2339,"href":"https:\/\/itameriprojekti.fi\/sv\/wp-json\/wp\/v2\/pages\/1177\/revisions\/2339"}],"up":[{"embeddable":true,"href":"https:\/\/itameriprojekti.fi\/sv\/wp-json\/wp\/v2\/pages\/1117"}],"wp:featuredmedia":[{"embeddable":true,"href":"https:\/\/itameriprojekti.fi\/sv\/wp-json\/wp\/v2\/media\/1043"}],"wp:attachment":[{"href":"https:\/\/itameriprojekti.fi\/sv\/wp-json\/wp\/v2\/media?parent=1177"}],"curies":[{"name":"wp","href":"https:\/\/api.w.org\/{rel}","templated":true}]}}